{"id":1716,"date":"2022-03-17T00:57:13","date_gmt":"2022-03-16T23:57:13","guid":{"rendered":"https:\/\/www.e-sistemas.net\/acelera-pyme\/?page_id=1716"},"modified":"2025-01-08T12:45:03","modified_gmt":"2025-01-08T11:45:03","slug":"comunicaciones-seguras","status":"publish","type":"page","link":"https:\/\/www.e-sistemas.net\/acelera-pyme\/comunicaciones-seguras\/","title":{"rendered":"Comunicaciones seguras"},"content":{"rendered":"<p><a href=\"https:\/\/www.acelerapyme.gob.es\/kit-digital\/comunicaciones-seguras\"><img decoding=\"async\" src=\"\/acelera-pyme\/wp-content\/uploads\/2022\/03\/acelera-pyme-kit-digital.png\" alt=\"\"><\/a><\/p>\n<h2>Comunicaciones seguras<\/h2>\n<div>\n<p>Con esta soluci\u00f3n dispondr\u00e1s de seguridad en las conexiones entre los dispositivos de tus empleados y la empresa.<\/p>\n<p>Protege y controla el acceso a tu red privada gracias a nuestras soluciones de Firewall que impedir\u00e1n el acceso de usuarios no deseados. Reduce la superficie de un posible ataque y aumenta tu nivel de seguridad de forma simple.<\/p>\n<\/div>\n<div>\n<div>\n<h4>Servicio subvencionado hasta 29.000\u20ac por el programa Kit Digital<\/h4>\n<\/div>\n<\/div>\n<ul>\n<li>\n        <a href=\"https:\/\/www.e-sistemas.net\/acelera-pyme\/solicitar-informacion\">Solicitar Informaci\u00f3n<\/a>\n    <\/li>\n<li>\n        <a href=\"tel:+34958270876\">958270876<\/a>\n    <\/li>\n<\/ul>\n<h3>Plan de Comunicaciones seguras<\/h3>\n<div>\n<div>\n<p class=\"uk-margin-remove\">125 \u20ac<\/p>\n<p class=\"uk-text-meta uk-margin-remove\">(por usuario sin IVA &#8211; m\u00ednimo 5 usuarios)<\/p>\n<\/div>\n<p><p class=\"uk-margin-remove\">Kit Sophos XGS Firewall<\/p>\n<p class=\"uk-text-meta uk-margin-remove\">(suscripci\u00f3n anual)<\/p>\n<\/p>\n<div>\n<ul class=\"uk-list uk-list-large\">\n<li>\n<div class=\"uk-grid-small\" uk-grid=\"\">\n<div class=\"uk-width-auto\"><img decoding=\"async\" class=\"uk-text-success\" src=\"\/acelera-pyme\/wp-content\/uploads\/yootheme\/check.svg\" uk-svg=\"\" loading=\"lazy\" \/><\/div>\n<div class=\"uk-width-expand\">\n<div>Hardware Sophos XGS Firewall<\/div>\n<div class=\"uk-text-meta\">El modelo depender\u00e1 del n\u00famero de usuarios<\/div>\n<\/div>\n<\/div>\n<\/li>\n<li>\n<div class=\"uk-grid-small\" uk-grid=\"\">\n<div class=\"uk-width-auto\"><img decoding=\"async\" class=\"uk-text-success\" src=\"\/acelera-pyme\/wp-content\/uploads\/yootheme\/check.svg\" uk-svg=\"\" loading=\"lazy\" \/><\/div>\n<div class=\"uk-width-expand\">\n<div>Inspecci\u00f3n detallada de paquetes<\/div>\n<div class=\"uk-text-meta\">El motor de inspecci\u00f3n detallada de paquetes (DPI) de Xstream ofrece an\u00e1lisis del tr\u00e1fico de alto rendimiento para IPS, AV, protecci\u00f3n web y control de aplicaciones en un \u00fanico motor de transmisi\u00f3n.<\/div>\n<\/div>\n<\/div>\n<\/li>\n<li>\n<div class=\"uk-grid-small\" uk-grid=\"\">\n<div class=\"uk-width-auto\"><img decoding=\"async\" class=\"uk-text-success\" src=\"\/acelera-pyme\/wp-content\/uploads\/yootheme\/check.svg\" uk-svg=\"\" loading=\"lazy\" \/><\/div>\n<div class=\"uk-width-expand\">\n<div>Tr\u00e1fico cifrado<\/div>\n<div class=\"uk-text-meta\">La inspecci\u00f3n TLS 1.3 de Xstream con un rendimiento, visibilidad, herramientas de pol\u00edticas e inteligencia integrada l\u00edderes en el sector elimina un enorme punto ciego en su protecci\u00f3n.<\/div>\n<\/div>\n<\/div>\n<\/li>\n<li>\n<div class=\"uk-grid-small\" uk-grid=\"\">\n<div class=\"uk-width-auto\"><img decoding=\"async\" class=\"uk-text-success\" src=\"\/acelera-pyme\/wp-content\/uploads\/yootheme\/check.svg\" uk-svg=\"\" loading=\"lazy\" \/><\/div>\n<div class=\"uk-width-expand\">\n<div>Protecci\u00f3n con ML y de d\u00eda cero<\/div>\n<div class=\"uk-text-meta\">An\u00e1lisis de espacio seguro din\u00e1mico, An\u00e1lisis est\u00e1tico de archivos con Deep Learning<\/div>\n<\/div>\n<\/div>\n<\/li>\n<li>\n<div class=\"uk-grid-small\" uk-grid=\"\">\n<div class=\"uk-width-auto\"><img decoding=\"async\" class=\"uk-text-success\" src=\"\/acelera-pyme\/wp-content\/uploads\/yootheme\/check.svg\" uk-svg=\"\" loading=\"lazy\" \/><\/div>\n<div class=\"uk-width-expand\">\n<div>Otrs servicios incluidos<\/div>\n<div class=\"uk-text-meta\">Seguridad Sincronizada, Protecci\u00f3n contra amenazas, Identidad del usuario, Control de aplicaciones, Control web, Control de contenido, Aplicaciones empresariales, Correo electr\u00f3nico y datos<\/div>\n<\/div>\n<\/div>\n<\/li>\n<li>\n<div class=\"uk-grid-small\" uk-grid=\"\">\n<div class=\"uk-width-auto\"><img decoding=\"async\" class=\"uk-text-success\" src=\"\/acelera-pyme\/wp-content\/uploads\/yootheme\/check.svg\" uk-svg=\"\" loading=\"lazy\" \/><\/div>\n<div class=\"uk-width-expand\">\n<div>Configuraci\u00f3n inicial y actualizaciones<\/div>\n<div class=\"uk-text-meta\">Se realiza la implementaci\u00f3n inicial y se programan y monitorizan las actualizaciones autom\u00e1ticas<\/div>\n<\/div>\n<\/div>\n<\/li>\n<li>\n<div class=\"uk-grid-small\" uk-grid=\"\">\n<div class=\"uk-width-auto\"><img decoding=\"async\" class=\"uk-text-success\" src=\"\/acelera-pyme\/wp-content\/uploads\/yootheme\/check.svg\" uk-svg=\"\" loading=\"lazy\" \/><\/div>\n<div class=\"uk-width-expand\">\n<div>Soporte 24&#215;7<\/div>\n<div class=\"uk-text-meta\">Soporte ininterrumpido por tel\u00e9fono y a trav\u00e9s de la Web<\/div>\n<\/div>\n<\/div>\n<\/li>\n<\/ul>\n<\/div>\n<\/div>\n<ul>\n<li>\n<div>Importe de la ayuda para el plan de comunicaciones seguras<\/div>\n<div>Cumpliendo las condiciones establecidas en las bases de la convocatoria de la ayuda del Kit Digital, dispondr\u00e1s de un bono digital con el que acceder a las soluciones de digitalizaci\u00f3n.<\/div>\n<\/li>\n<li>\n<div>\n<div class=\"uk-overflow-auto\">\n<table class=\"uk-table uk-table-divider uk-table-middle uk-table-justify\">\n<thead>\n<tr>\n<th>Segmentos de beneficiarios<\/th>\n<th>Importe de la ayuda<\/th>\n<\/tr>\n<\/thead>\n<tbody>\n<tr>\n<td><strong>Segmento V<br \/><\/strong>100 &lt; 250 empleados<\/td>\n<td class=\"text-center\" style=\"text-align: center;\"><strong>125\u20ac\/usuario<br \/>(hasta 232 usuarios)<\/strong><\/td>\n<\/tr>\n<tr>\n<td><strong>Segmento IV<br \/><\/strong>50* &lt; 100 empleados<\/td>\n<td class=\"text-center\" style=\"text-align: center;\"><strong>125\u20ac\/usuario<br \/>(hasta 99 usuarios)<\/strong><\/td>\n<\/tr>\n<tr>\n<td><strong>Segmento III<br \/><\/strong>0 &lt; 3 empleados<\/td>\n<td class=\"text-center\" style=\"text-align: center;\"><strong>125\u20ac\/usuario<br \/>(hasta 2 usuario)<\/strong><\/td>\n<\/tr>\n<tr>\n<td><strong>Segmento II<br \/><\/strong> 3 &lt; 9 empleados<\/td>\n<td class=\"text-center\" style=\"text-align: center;\"><strong>125\u20ac\/usuario(finalizado)<br \/>(hasta 9 usuarios)<\/strong><\/td>\n<\/tr>\n<tr>\n<td><strong>Segmento I<br \/><\/strong>10 &lt; 50 empleados<\/td>\n<td class=\"text-center\" style=\"text-align: center;\"><strong>125\u20ac\/usuario(finalizado)<br \/>(hasta 48 usuarios)<\/strong><\/td>\n<\/tr>\n<\/tbody>\n<\/table>\n<\/div>\n<\/div>\n<\/li>\n<\/ul>\n<p><!--more--><br \/>\n<!-- {\"type\":\"layout\",\"children\":[{\"type\":\"section\",\"props\":{\"animation\":\"slide-bottom-medium\",\"animation_delay\":\"100\",\"image_position\":\"center-center\",\"style\":\"default\",\"title\":\"Kit Digital\",\"title_breakpoint\":\"xl\",\"title_position\":\"top-left\",\"title_rotation\":\"left\",\"vertical_align\":\"\",\"width\":\"default\"},\"children\":[{\"type\":\"row\",\"children\":[{\"type\":\"column\",\"props\":{\"image_position\":\"center-center\",\"position_sticky_breakpoint\":\"m\"},\"children\":[{\"type\":\"image\",\"props\":{\"image\":\"wp-content\\\/uploads\\\/2022\\\/03\\\/acelera-pyme-kit-digital.png\",\"image_svg_color\":\"emphasis\",\"link\":\"https:\\\/\\\/www.acelerapyme.gob.es\\\/kit-digital\\\/comunicaciones-seguras\",\"link_target\":\"blank\",\"margin\":\"default\",\"text_align\":\"center\"}},{\"type\":\"headline\",\"props\":{\"block_align\":\"center\",\"content\":\"Comunicaciones seguras\",\"maxwidth\":\"2xlarge\",\"text_align\":\"center\",\"title_element\":\"h2\",\"title_style\":\"h1\"}},{\"type\":\"text\",\"props\":{\"block_align\":\"center\",\"column_breakpoint\":\"m\",\"content\":\"\n\n<p>Con esta soluci\\u00f3n dispondr\\u00e1s de seguridad en las conexiones entre los dispositivos de tus empleados y la empresa.<\\\/p>\\n\n\n<p>Protege y controla el acceso a tu red privada gracias a nuestras soluciones de Firewall que impedir\\u00e1n el acceso de usuarios no deseados. Reduce la superficie de un posible ataque y aumenta tu nivel de seguridad de forma simple.<\\\/p>\",\"margin\":\"default\",\"maxwidth\":\"2xlarge\",\"text_align\":\"center\",\"text_style\":\"lead\"}},{\"type\":\"alert\",\"props\":{\"alert_size\":true,\"alert_style\":\"success\",\"block_align\":\"center\",\"content\":\"\n\n<h4>Servicio subvencionado hasta 29.000\\u20ac por el programa Kit Digital<\\\/h4>\",\"content_margin\":\"small\",\"maxwidth\":\"2xlarge\",\"text_align\":\"center\",\"title_element\":\"h3\"}},{\"type\":\"button\",\"props\":{\"grid_column_gap\":\"small\",\"grid_row_gap\":\"small\",\"margin\":\"default\",\"text_align\":\"center\"},\"children\":[{\"type\":\"button_item\",\"props\":{\"button_style\":\"primary\",\"content\":\"Solicitar Informaci\\u00f3n\",\"icon_align\":\"left\",\"link\":\"https:\\\/\\\/www.e-sistemas.net\\\/acelera-pyme\\\/solicitar-informacion\"}},{\"type\":\"button_item\",\"props\":{\"button_style\":\"secondary\",\"content\":\"958270876\",\"icon_align\":\"left\",\"link\":\"tel:+34958270876\"}}]}]}]}]},{\"type\":\"section\",\"props\":{\"animation\":\"slide-bottom-medium\",\"animation_delay\":\"100\",\"image_position\":\"center-center\",\"style\":\"muted\",\"title\":\"Plan\",\"title_breakpoint\":\"xl\",\"title_position\":\"top-left\",\"title_rotation\":\"left\",\"vertical_align\":\"\",\"width\":\"small\"},\"children\":[{\"type\":\"row\",\"children\":[{\"type\":\"column\",\"props\":{\"image_position\":\"center-center\",\"position_sticky_breakpoint\":\"m\"},\"children\":[{\"type\":\"headline\",\"props\":{\"block_align\":\"center\",\"content\":\"Plan de Comunicaciones seguras\",\"maxwidth\":\"2xlarge\",\"text_align\":\"center\",\"title_element\":\"h3\",\"title_style\":\"h2\"}},{\"type\":\"grid\",\"props\":{\"content_align\":true,\"content_column_breakpoint\":\"m\",\"content_margin\":\"medium\",\"filter\":true,\"filter_align\":\"center\",\"filter_all\":false,\"filter_grid_breakpoint\":\"m\",\"filter_grid_width\":\"auto\",\"filter_margin\":\"small\",\"filter_position\":\"top\",\"filter_style\":\"subnav-pill\",\"grid_default\":\"1\",\"grid_medium\":\"1\",\"icon_width\":80,\"image_align\":\"top\",\"image_grid_breakpoint\":\"m\",\"image_grid_width\":\"1-2\",\"image_svg_color\":\"emphasis\",\"item_animation\":true,\"item_maxwidth\":\"large\",\"link_fullwidth\":true,\"link_margin\":\"large\",\"link_size\":\"large\",\"link_style\":\"default\",\"link_text\":\"Mas Informaci\\u00f3n\",\"margin\":\"medium\",\"meta_align\":\"above-title\",\"meta_element\":\"div\",\"meta_style\":\"h3\",\"panel_padding\":\"small\",\"panel_style\":\"card-secondary\",\"parallax_easing\":\"1\",\"position\":\"relative\",\"position_z_index\":\"1\",\"show_content\":true,\"show_image\":true,\"show_link\":true,\"show_meta\":true,\"show_title\":true,\"text_align\":\"center\",\"title_align\":\"top\",\"title_element\":\"div\",\"title_grid_breakpoint\":\"m\",\"title_grid_width\":\"1-2\",\"title_hover_style\":\"reset\",\"title_style\":\"h2\"},\"children\":[{\"type\":\"grid_item\",\"props\":{\"content\":\"\n\n<ul class=\\\"uk-list uk-list-large\\\">\\n\n\n<li>\\n\n\n<div class=\\\"uk-grid-small\\\" uk-grid=\\\"\\\">\\n\n\n<div class=\\\"uk-width-auto\\\"><img class=\\\"uk-text-success\\\" src=\\\"wp-content\\\/uploads\\\/yootheme\\\/check.svg\\\" uk-svg=\\\"\\\" loading=\\\"lazy\\\" \\\/><\\\/div>\\n\n\n<div class=\\\"uk-width-expand\\\">\\n\n\n<div>Hardware Sophos XGS Firewall<\\\/div>\\n\n\n<div class=\\\"uk-text-meta\\\">El modelo depender\\u00e1 del n\\u00famero de usuarios<\\\/div>\\n<\\\/div>\\n<\\\/div>\\n<\\\/li>\\n\n\n<li>\\n\n\n<div class=\\\"uk-grid-small\\\" uk-grid=\\\"\\\">\\n\n\n<div class=\\\"uk-width-auto\\\"><img class=\\\"uk-text-success\\\" src=\\\"wp-content\\\/uploads\\\/yootheme\\\/check.svg\\\" uk-svg=\\\"\\\" loading=\\\"lazy\\\" \\\/><\\\/div>\\n\n\n<div class=\\\"uk-width-expand\\\">\\n\n\n<div>Inspecci\\u00f3n detallada de paquetes<\\\/div>\\n\n\n<div class=\\\"uk-text-meta\\\">El motor de inspecci\\u00f3n detallada de paquetes (DPI) de Xstream ofrece an\\u00e1lisis del tr\\u00e1fico de alto rendimiento para IPS, AV, protecci\\u00f3n web y control de aplicaciones en un \\u00fanico motor de transmisi\\u00f3n.<\\\/div>\\n<\\\/div>\\n<\\\/div>\\n<\\\/li>\\n\n\n<li>\\n\n\n<div class=\\\"uk-grid-small\\\" uk-grid=\\\"\\\">\\n\n\n<div class=\\\"uk-width-auto\\\"><img class=\\\"uk-text-success\\\" src=\\\"wp-content\\\/uploads\\\/yootheme\\\/check.svg\\\" uk-svg=\\\"\\\" loading=\\\"lazy\\\" \\\/><\\\/div>\\n\n\n<div class=\\\"uk-width-expand\\\">\\n\n\n<div>Tr\\u00e1fico cifrado<\\\/div>\\n\n\n<div class=\\\"uk-text-meta\\\">La inspecci\\u00f3n TLS 1.3 de Xstream con un rendimiento, visibilidad, herramientas de pol\\u00edticas e inteligencia integrada l\\u00edderes en el sector elimina un enorme punto ciego en su protecci\\u00f3n.<\\\/div>\\n<\\\/div>\\n<\\\/div>\\n<\\\/li>\\n\n\n<li>\\n\n\n<div class=\\\"uk-grid-small\\\" uk-grid=\\\"\\\">\\n\n\n<div class=\\\"uk-width-auto\\\"><img class=\\\"uk-text-success\\\" src=\\\"wp-content\\\/uploads\\\/yootheme\\\/check.svg\\\" uk-svg=\\\"\\\" loading=\\\"lazy\\\" \\\/><\\\/div>\\n\n\n<div class=\\\"uk-width-expand\\\">\\n\n\n<div>Protecci\\u00f3n con ML y de d\\u00eda cero<\\\/div>\\n\n\n<div class=\\\"uk-text-meta\\\">An\\u00e1lisis de espacio seguro din\\u00e1mico, An\\u00e1lisis est\\u00e1tico de archivos con Deep Learning<\\\/div>\\n<\\\/div>\\n<\\\/div>\\n<\\\/li>\\n\n\n<li>\\n\n\n<div class=\\\"uk-grid-small\\\" uk-grid=\\\"\\\">\\n\n\n<div class=\\\"uk-width-auto\\\"><img class=\\\"uk-text-success\\\" src=\\\"wp-content\\\/uploads\\\/yootheme\\\/check.svg\\\" uk-svg=\\\"\\\" loading=\\\"lazy\\\" \\\/><\\\/div>\\n\n\n<div class=\\\"uk-width-expand\\\">\\n\n\n<div>Otrs servicios incluidos<\\\/div>\\n\n\n<div class=\\\"uk-text-meta\\\">Seguridad Sincronizada, Protecci\\u00f3n contra amenazas, Identidad del usuario, Control de aplicaciones, Control web, Control de contenido, Aplicaciones empresariales, Correo electr\\u00f3nico y datos<\\\/div>\\n<\\\/div>\\n<\\\/div>\\n<\\\/li>\\n\n\n<li>\\n\n\n<div class=\\\"uk-grid-small\\\" uk-grid=\\\"\\\">\\n\n\n<div class=\\\"uk-width-auto\\\"><img class=\\\"uk-text-success\\\" src=\\\"wp-content\\\/uploads\\\/yootheme\\\/check.svg\\\" uk-svg=\\\"\\\" loading=\\\"lazy\\\" \\\/><\\\/div>\\n\n\n<div class=\\\"uk-width-expand\\\">\\n\n\n<div>Configuraci\\u00f3n inicial y actualizaciones<\\\/div>\\n\n\n<div class=\\\"uk-text-meta\\\">Se realiza la implementaci\\u00f3n inicial y se programan y monitorizan las actualizaciones autom\\u00e1ticas<\\\/div>\\n<\\\/div>\\n<\\\/div>\\n<\\\/li>\\n\n\n<li>\\n\n\n<div class=\\\"uk-grid-small\\\" uk-grid=\\\"\\\">\\n\n\n<div class=\\\"uk-width-auto\\\"><img class=\\\"uk-text-success\\\" src=\\\"wp-content\\\/uploads\\\/yootheme\\\/check.svg\\\" uk-svg=\\\"\\\" loading=\\\"lazy\\\" \\\/><\\\/div>\\n\n\n<div class=\\\"uk-width-expand\\\">\\n\n\n<div>Soporte 24x7<\\\/div>\\n\n\n<div class=\\\"uk-text-meta\\\">Soporte ininterrumpido por tel\\u00e9fono y a trav\\u00e9s de la Web<\\\/div>\\n<\\\/div>\\n<\\\/div>\\n<\\\/li>\\n<\\\/ul>\",\"meta\":\"\n\n<p class=\\\"uk-margin-remove\\\">Kit Sophos XGS Firewall<\\\/p>\n\n<p class=\\\"uk-text-meta uk-margin-remove\\\">(suscripci\\u00f3n anual)<\\\/p>\",\"title\":\"\n\n<p class=\\\"uk-margin-remove\\\">125 \\u20ac<\\\/p>\n\n<p class=\\\"uk-text-meta uk-margin-remove\\\">(por usuario sin IVA - m\\u00ednimo 5 usuarios)<\\\/p>\"}}]}]}]}]},{\"type\":\"section\",\"props\":{\"animation\":\"slide-bottom-medium\",\"animation_delay\":\"100\",\"image_position\":\"center-center\",\"style\":\"secondary\",\"title\":\"Ayuda\",\"title_breakpoint\":\"xl\",\"title_position\":\"top-left\",\"title_rotation\":\"left\",\"vertical_align\":\"\",\"width\":\"default\"},\"children\":[{\"type\":\"row\",\"children\":[{\"type\":\"column\",\"props\":{\"image_position\":\"center-center\",\"position_sticky_breakpoint\":\"m\"},\"children\":[{\"type\":\"grid\",\"props\":{\"content_align\":true,\"content_column_breakpoint\":\"m\",\"filter\":true,\"filter_align\":\"center\",\"filter_all\":false,\"filter_grid_breakpoint\":\"m\",\"filter_grid_width\":\"auto\",\"filter_position\":\"top\",\"filter_style\":\"subnav-pill\",\"grid_default\":\"1\",\"grid_medium\":\"2\",\"icon_width\":80,\"image_align\":\"top\",\"image_grid_breakpoint\":\"m\",\"image_grid_width\":\"1-2\",\"image_svg_color\":\"emphasis\",\"item_animation\":true,\"item_maxwidth\":\"large\",\"link_style\":\"default\",\"link_text\":\"Read more\",\"margin\":\"default\",\"meta_align\":\"above-title\",\"meta_element\":\"div\",\"meta_style\":\"h3\",\"panel_padding\":\"large\",\"parallax_easing\":\"1\",\"show_content\":true,\"show_image\":true,\"show_link\":true,\"show_meta\":true,\"show_title\":true,\"text_align\":\"center\",\"title_align\":\"top\",\"title_element\":\"div\",\"title_grid_breakpoint\":\"m\",\"title_grid_width\":\"1-2\",\"title_hover_style\":\"reset\",\"title_style\":\"h3\"},\"children\":[{\"type\":\"grid_item\",\"props\":{\"content\":\"Cumpliendo las condiciones establecidas en las bases de la convocatoria de la ayuda del Kit Digital, dispondr\\u00e1s de un bono digital con el que acceder a las soluciones de digitalizaci\\u00f3n.\",\"title\":\"Importe de la ayuda para el plan de comunicaciones seguras\"}},{\"type\":\"grid_item\",\"props\":{\"content\":\"\n\n<div class=\\\"uk-overflow-auto\\\">\\n\n\n<table class=\\\"uk-table uk-table-divider uk-table-middle uk-table-justify\\\">\\n\n\n<thead>\\n\n\n<tr>\\n\n\n<th>Segmentos de beneficiarios<\\\/th>\\n\n\n<th>Importe de la ayuda<\\\/th>\\n<\\\/tr>\\n<\\\/thead>\\n\n\n<tbody>\\n    \n\n<tr>\\n\n\n<td><strong>Segmento V<br \\\/><\\\/strong>100 &lt; 250 empleados<\\\/td>\\n\n\n<td class=\\\"text-center\\\" style=\\\"text-align: center;\\\"><strong>125\\u20ac\\\/usuario<br \\\/>(hasta 232 usuarios)<\\\/strong><\\\/td>\\n<\\\/tr>\\n    \n\n<tr>\\n\n\n<td><strong>Segmento IV<br \\\/><\\\/strong>50* &lt; 100 empleados<\\\/td>\\n\n\n<td class=\\\"text-center\\\" style=\\\"text-align: center;\\\"><strong>125\\u20ac\\\/usuario<br \\\/>(hasta 99 usuarios)<\\\/strong><\\\/td>\\n<\\\/tr>\\n\n\n<tr>\\n\n\n<td><strong>Segmento III<br \\\/><\\\/strong>0 &lt; 3 empleados<\\\/td>\\n\n\n<td class=\\\"text-center\\\" style=\\\"text-align: center;\\\"><strong>125\\u20ac\\\/usuario<br \\\/>(hasta 2 usuario)<\\\/strong><\\\/td>\\n<\\\/tr>\\n\n\n<tr>\\n\n\n<td><strong>Segmento II<br \\\/><\\\/strong> 3 &lt; 9 empleados<\\\/td>\\n\n\n<td class=\\\"text-center\\\" style=\\\"text-align: center;\\\"><strong>125\\u20ac\\\/usuario(finalizado)<br \\\/>(hasta 9 usuarios)<\\\/strong><\\\/td>\\n<\\\/tr>\\n\n\n<tr>\\n\n\n<td><strong>Segmento I<br \\\/><\\\/strong>10 &lt; 50 empleados<\\\/td>\\n\n\n<td class=\\\"text-center\\\" style=\\\"text-align: center;\\\"><strong>125\\u20ac\\\/usuario(finalizado)<br \\\/>(hasta 48 usuarios)<\\\/strong><\\\/td>\\n<\\\/tr>\\n<\\\/tbody>\\n<\\\/table>\\n<\\\/div>\"}}]}]}]}]}],\"version\":\"4.4.19\"} --><\/p>\n","protected":false},"excerpt":{"rendered":"<p>Comunicaciones seguras Con esta soluci\u00f3n dispondr\u00e1s de seguridad en las conexiones entre los dispositivos de tus empleados y la empresa. Protege y controla el acceso a tu red privada gracias a nuestras soluciones de Firewall que impedir\u00e1n el acceso de usuarios no deseados. Reduce la superficie de un posible ataque y aumenta tu nivel de [&hellip;]<\/p>\n","protected":false},"author":2,"featured_media":0,"parent":0,"menu_order":0,"comment_status":"closed","ping_status":"closed","template":"","meta":{"_acf_changed":false,"footnotes":""},"class_list":["post-1716","page","type-page","status-publish","hentry"],"acf":[],"_links":{"self":[{"href":"https:\/\/www.e-sistemas.net\/acelera-pyme\/wp-json\/wp\/v2\/pages\/1716","targetHints":{"allow":["GET"]}}],"collection":[{"href":"https:\/\/www.e-sistemas.net\/acelera-pyme\/wp-json\/wp\/v2\/pages"}],"about":[{"href":"https:\/\/www.e-sistemas.net\/acelera-pyme\/wp-json\/wp\/v2\/types\/page"}],"author":[{"embeddable":true,"href":"https:\/\/www.e-sistemas.net\/acelera-pyme\/wp-json\/wp\/v2\/users\/2"}],"replies":[{"embeddable":true,"href":"https:\/\/www.e-sistemas.net\/acelera-pyme\/wp-json\/wp\/v2\/comments?post=1716"}],"version-history":[{"count":27,"href":"https:\/\/www.e-sistemas.net\/acelera-pyme\/wp-json\/wp\/v2\/pages\/1716\/revisions"}],"predecessor-version":[{"id":2270,"href":"https:\/\/www.e-sistemas.net\/acelera-pyme\/wp-json\/wp\/v2\/pages\/1716\/revisions\/2270"}],"wp:attachment":[{"href":"https:\/\/www.e-sistemas.net\/acelera-pyme\/wp-json\/wp\/v2\/media?parent=1716"}],"curies":[{"name":"wp","href":"https:\/\/api.w.org\/{rel}","templated":true}]}}