{"id":1874,"date":"2022-09-28T09:44:48","date_gmt":"2022-09-28T07:44:48","guid":{"rendered":"https:\/\/www.e-sistemas.net\/acelera-pyme\/?page_id=1874"},"modified":"2025-01-08T12:47:27","modified_gmt":"2025-01-08T11:47:27","slug":"presencia-avanzada-en-internet","status":"publish","type":"page","link":"https:\/\/www.e-sistemas.net\/acelera-pyme\/presencia-avanzada-en-internet\/","title":{"rendered":"Presencia avanzada en internet"},"content":{"rendered":"<p><a href=\"https:\/\/www.acelerapyme.gob.es\/kit-digital\/ciberseguridad\"><img decoding=\"async\" src=\"\/acelera-pyme\/wp-content\/uploads\/2022\/03\/acelera-pyme-kit-digital.png\" alt=\"\"><\/a><\/p>\n<h2><span data-contrast=\"auto\" xml:lang=\"ES-ES\" lang=\"ES-ES\" class=\"TextRun Underlined SCXW36950003 BCX9\"><span class=\"NormalTextRun SCXW36950003 BCX9\">P<\/span><span class=\"NormalTextRun SCXW36950003 BCX9\">resencia avanzada en internet<\/span><\/span><\/h2>\n<div>\n<p>Asegura el posicionamiento de tu web en Internet, aumenta el alcance de futuros clientes e incrementa el tr\u00e1fico de visita<\/p>\n<p>Posiciona tu web en buscadores gracias a palabras claves relevantes para mejorar tu visibilidad en Internet y conseguir nuevos clientes.<\/p>\n<\/div>\n<div>\n<div>\n<h4>Servicio subvencionado hasta 5.000\u20ac por el programa Kit Digital<\/h4>\n<\/div>\n<\/div>\n<ul>\n<li>\n        <a href=\"https:\/\/www.e-sistemas.net\/acelera-pyme\/solicitar-informacion\">Solicitar Informaci\u00f3n<\/a>\n    <\/li>\n<li>\n        <a href=\"tel:+34958270876\">958270876<\/a>\n    <\/li>\n<\/ul>\n<h3>Plan de Presencia Avanzada<\/h3>\n<div>\n<div>\n<p class=\"uk-margin-remove\">Hasta 2000  \u20ac<\/p>\n<p class=\"uk-text-meta uk-margin-remove\">\n<\/div>\n<p><p class=\"uk-margin-remove\">Posicionamiento Web<br \/>(SEO)<\/p>\n<p class=\"uk-text-meta uk-margin-remove\">\n<\/p>\n<div>\n<ul class=\"uk-list uk-list-large\">\n<li>\n<div class=\"uk-grid-small\" uk-grid=\"\">\n<div class=\"uk-width-auto\"><img decoding=\"async\" class=\"uk-text-success\" src=\"\/acelera-pyme\/wp-content\/uploads\/yootheme\/check.svg\" uk-svg=\"\" loading=\"lazy\" \/><\/div>\n<div class=\"uk-width-expand\">\n<div>Posicionamiento b\u00e1sico en internet<\/div>\n<div class=\"uk-text-meta\">Posicionamiento de la informaci\u00f3n b\u00e1sica del negocio, contacto y perfil de la empresa en los principales sites, redes de negocio o directorios de empresas y profesionales.\u00a0<\/div>\n<\/div>\n<\/div>\n<\/li>\n<li>\n<div class=\"uk-grid-small\" uk-grid=\"\">\n<div class=\"uk-width-auto\"><img decoding=\"async\" class=\"uk-text-success\" src=\"\/acelera-pyme\/wp-content\/uploads\/yootheme\/check.svg\" uk-svg=\"\" loading=\"lazy\" \/><\/div>\n<div class=\"uk-width-expand\">\n<div>An\u00e1lisis de palabras clave:<\/div>\n<div class=\"uk-text-meta\">Gesti\u00f3n, b\u00fasqueda y an\u00e1lisis de palabras clave con el fin de desarrollar estrategias \u00fatiles para que los buscadores clasifiquen el contenido y ayuden a los usuarios a encontrar resultados relevantes para sus consultas.\u2003<\/div>\n<\/div>\n<\/div>\n<\/li>\n<li>\n<div class=\"uk-grid-small\" uk-grid=\"\">\n<div class=\"uk-width-auto\"><img decoding=\"async\" class=\"uk-text-success\" src=\"\/acelera-pyme\/wp-content\/uploads\/yootheme\/check.svg\" uk-svg=\"\" loading=\"lazy\" \/><\/div>\n<div class=\"uk-width-expand\">An\u00e1lisis de la competencia mensual.<\/div>\n<\/div>\n<\/li>\n<li>\n<div class=\"uk-grid-small\" uk-grid=\"\">\n<div class=\"uk-width-auto\"><img decoding=\"async\" class=\"uk-text-success\" src=\"\/acelera-pyme\/wp-content\/uploads\/yootheme\/check.svg\" uk-svg=\"\" loading=\"lazy\" \/><\/div>\n<div class=\"uk-width-expand\">\n<div>SEO On-Page<\/div>\n<div class=\"uk-text-meta\">Optimizaci\u00f3n de la estructura y el contenido interno para mejorar la posici\u00f3n natural de la pyme en buscadores, as\u00ed como la indexaci\u00f3n y jerarquizaci\u00f3n del contenido<\/div>\n<\/div>\n<\/div>\n<\/li>\n<li>\n<div class=\"uk-grid-small\" uk-grid=\"\">\n<div class=\"uk-width-auto\"><img decoding=\"async\" class=\"uk-text-success\" src=\"\/acelera-pyme\/wp-content\/uploads\/yootheme\/check.svg\" uk-svg=\"\" loading=\"lazy\" \/><\/div>\n<div class=\"uk-width-expand\">\n<div>SEO Off-Page<\/div>\n<div class=\"uk-text-meta\">Acciones fuera del entorno del sitio web para mejorar su posicionamiento org\u00e1nico.<\/div>\n<\/div>\n<\/div>\n<\/li>\n<li>\n<div class=\"uk-grid-small\" uk-grid=\"\">\n<div class=\"uk-width-auto\"><img decoding=\"async\" class=\"uk-text-success\" src=\"\/acelera-pyme\/wp-content\/uploads\/yootheme\/check.svg\" uk-svg=\"\" loading=\"lazy\" \/><\/div>\n<div class=\"uk-width-expand\">\n<div>Informes mensuales de seguimiento<\/div>\n<div class=\"uk-text-meta\">Reportes del resultado de las acciones ejecutadas, adquisici\u00f3n de consciencia de la evoluci\u00f3n y la repercusi\u00f3n de las mismas en la presencia en internet de la empresa beneficiaria.<\/div>\n<\/div>\n<\/div>\n<\/li>\n<li>\n<div class=\"uk-grid-small\" uk-grid=\"\">\n<div class=\"uk-width-expand\">\n<div class=\"uk-text-meta\"><\/div>\n<\/div>\n<\/div>\n<\/li>\n<\/ul>\n<\/div>\n<\/div>\n<ul>\n<li>\n<div>Importe de la ayuda para el plan de Presencia avanzada en internet<\/div>\n<div>Cumpliendo las condiciones establecidas en las bases de la convocatoria de la ayuda del Kit Digital, dispondr\u00e1s de un bono digital con el que acceder a las soluciones de digitalizaci\u00f3n.<\/div>\n<\/li>\n<li>\n<div>\n<div class=\"uk-overflow-auto\">\n<table class=\"uk-table uk-table-divider uk-table-middle uk-table-justify\">\n<thead>\n<tr>\n<th>Segmentos de beneficiarios<\/th>\n<th>Importe de la ayuda<\/th>\n<\/tr>\n<\/thead>\n<tbody>\n<tr>\n<td><strong>Segmento V<br \/><\/strong>1000 &lt; 250 empleados<\/td>\n<td class=\"text-center\" style=\"text-align: center;\"><strong>5000\u20ac<\/strong><\/td>\n<\/tr>\n<tr>\n<td><strong>Segmento IV<br \/><\/strong>50* &lt; 100 empleados<\/td>\n<td class=\"text-center\" style=\"text-align: center;\"><strong>5000\u20ac<\/strong><\/td>\n<\/tr>\n<tr>\n<td><strong>Segmento III<br \/><\/strong>0 &lt; 3 empleados<\/td>\n<td class=\"text-center\" style=\"text-align: center;\"><strong>2000\u20ac<\/strong><\/td>\n<\/tr>\n<tr>\n<td><strong>Segmento II<br \/><\/strong> 3 &lt; 9 empleados<\/td>\n<td class=\"text-center\" style=\"text-align: center;\"><strong>2000\u20ac(finalizado)<\/strong><\/td>\n<\/tr>\n<tr>\n<td><\/td>\n<td class=\"text-center\" style=\"text-align: center;\"><\/td>\n<\/tr>\n<\/tbody>\n<\/table>\n<\/div>\n<\/div>\n<\/li>\n<\/ul>\n<p><!--more--><br \/>\n<!-- {\"name\":\"Plantilla\",\"type\":\"layout\",\"children\":[{\"type\":\"section\",\"props\":{\"animation\":\"slide-bottom-medium\",\"animation_delay\":\"100\",\"image_position\":\"center-center\",\"style\":\"default\",\"title\":\"Kit Digital\",\"title_breakpoint\":\"xl\",\"title_position\":\"top-left\",\"title_rotation\":\"left\",\"vertical_align\":\"\",\"width\":\"default\"},\"children\":[{\"type\":\"row\",\"children\":[{\"type\":\"column\",\"props\":{\"image_position\":\"center-center\",\"position_sticky_breakpoint\":\"m\"},\"children\":[{\"type\":\"image\",\"props\":{\"image\":\"wp-content\\\/uploads\\\/2022\\\/03\\\/acelera-pyme-kit-digital.png\",\"image_svg_color\":\"emphasis\",\"link\":\"https:\\\/\\\/www.acelerapyme.gob.es\\\/kit-digital\\\/ciberseguridad\",\"link_target\":\"blank\",\"margin\":\"default\",\"text_align\":\"center\"}},{\"type\":\"headline\",\"props\":{\"block_align\":\"center\",\"content\":\"<span data-contrast=\\\"auto\\\" xml:lang=\\\"ES-ES\\\" lang=\\\"ES-ES\\\" class=\\\"TextRun Underlined SCXW36950003 BCX9\\\"><span class=\\\"NormalTextRun SCXW36950003 BCX9\\\">P<\\\/span><span class=\\\"NormalTextRun SCXW36950003 BCX9\\\">resencia avanzada en internet<\\\/span><\\\/span>\",\"maxwidth\":\"2xlarge\",\"text_align\":\"center\",\"title_element\":\"h2\",\"title_style\":\"h1\"}},{\"type\":\"text\",\"props\":{\"block_align\":\"center\",\"column_breakpoint\":\"m\",\"content\":\"\n\n<p>Asegura el posicionamiento de tu web en Internet, aumenta el alcance de futuros clientes e incrementa el tr\\u00e1fico de visita<\\\/p>\\n\n\n<p>Posiciona tu web en buscadores gracias a palabras claves relevantes para mejorar tu visibilidad en Internet y conseguir nuevos clientes.<\\\/p>\",\"margin\":\"default\",\"maxwidth\":\"2xlarge\",\"text_align\":\"center\",\"text_style\":\"lead\"}},{\"type\":\"alert\",\"props\":{\"alert_size\":true,\"alert_style\":\"success\",\"block_align\":\"center\",\"content\":\"\n\n<h4>Servicio subvencionado hasta 5.000\\u20ac por el programa Kit Digital<\\\/h4>\",\"content_margin\":\"small\",\"maxwidth\":\"2xlarge\",\"text_align\":\"center\",\"title_element\":\"h3\"}},{\"type\":\"button\",\"props\":{\"grid_column_gap\":\"small\",\"grid_row_gap\":\"small\",\"margin\":\"default\",\"text_align\":\"center\"},\"children\":[{\"type\":\"button_item\",\"props\":{\"button_style\":\"primary\",\"content\":\"Solicitar Informaci\\u00f3n\",\"icon_align\":\"left\",\"link\":\"https:\\\/\\\/www.e-sistemas.net\\\/acelera-pyme\\\/solicitar-informacion\"}},{\"type\":\"button_item\",\"props\":{\"button_style\":\"secondary\",\"content\":\"958270876\",\"icon_align\":\"left\",\"link\":\"tel:+34958270876\"}}]}]}]}]},{\"type\":\"section\",\"props\":{\"animation\":\"slide-bottom-medium\",\"animation_delay\":\"100\",\"image_position\":\"center-center\",\"style\":\"muted\",\"title\":\"Plan\",\"title_breakpoint\":\"xl\",\"title_position\":\"top-left\",\"title_rotation\":\"left\",\"vertical_align\":\"\",\"width\":\"small\"},\"children\":[{\"type\":\"row\",\"children\":[{\"type\":\"column\",\"props\":{\"image_position\":\"center-center\",\"position_sticky_breakpoint\":\"m\"},\"children\":[{\"type\":\"headline\",\"props\":{\"block_align\":\"center\",\"content\":\"Plan de Presencia Avanzada\",\"maxwidth\":\"2xlarge\",\"text_align\":\"center\",\"title_element\":\"h3\",\"title_style\":\"h2\"}},{\"type\":\"grid\",\"props\":{\"content_align\":true,\"content_column_breakpoint\":\"m\",\"content_margin\":\"medium\",\"filter\":true,\"filter_align\":\"center\",\"filter_all\":false,\"filter_grid_breakpoint\":\"m\",\"filter_grid_width\":\"auto\",\"filter_margin\":\"small\",\"filter_position\":\"top\",\"filter_style\":\"subnav-pill\",\"grid_default\":\"1\",\"grid_medium\":\"1\",\"icon_width\":80,\"image_align\":\"top\",\"image_grid_breakpoint\":\"m\",\"image_grid_width\":\"1-2\",\"image_svg_color\":\"emphasis\",\"item_animation\":true,\"item_maxwidth\":\"large\",\"link_fullwidth\":true,\"link_margin\":\"large\",\"link_size\":\"large\",\"link_style\":\"default\",\"link_text\":\"Mas Informaci\\u00f3n\",\"margin\":\"large\",\"meta_align\":\"above-title\",\"meta_element\":\"div\",\"meta_style\":\"h3\",\"panel_padding\":\"small\",\"panel_style\":\"card-secondary\",\"parallax_easing\":\"1\",\"position\":\"relative\",\"position_z_index\":\"1\",\"show_content\":true,\"show_image\":true,\"show_link\":true,\"show_meta\":true,\"show_title\":true,\"text_align\":\"center\",\"title_align\":\"top\",\"title_element\":\"div\",\"title_grid_breakpoint\":\"m\",\"title_grid_width\":\"1-2\",\"title_hover_style\":\"reset\",\"title_style\":\"h2\"},\"children\":[{\"type\":\"grid_item\",\"props\":{\"content\":\"\n\n<ul class=\\\"uk-list uk-list-large\\\">\\n\n\n<li>\\n\n\n<div class=\\\"uk-grid-small\\\" uk-grid=\\\"\\\">\\n\n\n<div class=\\\"uk-width-auto\\\"><img class=\\\"uk-text-success\\\" src=\\\"wp-content\\\/uploads\\\/yootheme\\\/check.svg\\\" uk-svg=\\\"\\\" loading=\\\"lazy\\\" \\\/><\\\/div>\\n\n\n<div class=\\\"uk-width-expand\\\">\\n\n\n<div>Posicionamiento b\\u00e1sico en internet<\\\/div>\\n\n\n<div class=\\\"uk-text-meta\\\">Posicionamiento de la informaci\\u00f3n b\\u00e1sica del negocio, contacto y perfil de la empresa en los principales sites, redes de negocio o directorios de empresas y profesionales.\\u00a0<\\\/div>\\n<\\\/div>\\n<\\\/div>\\n<\\\/li>\\n\n\n<li>\\n\n\n<div class=\\\"uk-grid-small\\\" uk-grid=\\\"\\\">\\n\n\n<div class=\\\"uk-width-auto\\\"><img class=\\\"uk-text-success\\\" src=\\\"wp-content\\\/uploads\\\/yootheme\\\/check.svg\\\" uk-svg=\\\"\\\" loading=\\\"lazy\\\" \\\/><\\\/div>\\n\n\n<div class=\\\"uk-width-expand\\\">\\n\n\n<div>An\\u00e1lisis de palabras clave:<\\\/div>\\n\n\n<div class=\\\"uk-text-meta\\\">Gesti\\u00f3n, b\\u00fasqueda y an\\u00e1lisis de palabras clave con el fin de desarrollar estrategias \\u00fatiles para que los buscadores clasifiquen el contenido y ayuden a los usuarios a encontrar resultados relevantes para sus consultas.\\u2003<\\\/div>\\n<\\\/div>\\n<\\\/div>\\n<\\\/li>\\n\n\n<li>\\n\n\n<div class=\\\"uk-grid-small\\\" uk-grid=\\\"\\\">\\n\n\n<div class=\\\"uk-width-auto\\\"><img class=\\\"uk-text-success\\\" src=\\\"wp-content\\\/uploads\\\/yootheme\\\/check.svg\\\" uk-svg=\\\"\\\" loading=\\\"lazy\\\" \\\/><\\\/div>\\n\n\n<div class=\\\"uk-width-expand\\\">An\\u00e1lisis de la competencia mensual.<\\\/div>\\n<\\\/div>\\n<\\\/li>\\n\n\n<li>\\n\n\n<div class=\\\"uk-grid-small\\\" uk-grid=\\\"\\\">\\n\n\n<div class=\\\"uk-width-auto\\\"><img class=\\\"uk-text-success\\\" src=\\\"wp-content\\\/uploads\\\/yootheme\\\/check.svg\\\" uk-svg=\\\"\\\" loading=\\\"lazy\\\" \\\/><\\\/div>\\n\n\n<div class=\\\"uk-width-expand\\\">\\n\n\n<div>SEO On-Page<\\\/div>\\n\n\n<div class=\\\"uk-text-meta\\\">Optimizaci\\u00f3n de la estructura y el contenido interno para mejorar la posici\\u00f3n natural de la pyme en buscadores, as\\u00ed como la indexaci\\u00f3n y jerarquizaci\\u00f3n del contenido<\\\/div>\\n<\\\/div>\\n<\\\/div>\\n<\\\/li>\\n\n\n<li>\\n\n\n<div class=\\\"uk-grid-small\\\" uk-grid=\\\"\\\">\\n\n\n<div class=\\\"uk-width-auto\\\"><img class=\\\"uk-text-success\\\" src=\\\"wp-content\\\/uploads\\\/yootheme\\\/check.svg\\\" uk-svg=\\\"\\\" loading=\\\"lazy\\\" \\\/><\\\/div>\\n\n\n<div class=\\\"uk-width-expand\\\">\\n\n\n<div>SEO Off-Page<\\\/div>\\n\n\n<div class=\\\"uk-text-meta\\\">Acciones fuera del entorno del sitio web para mejorar su posicionamiento org\\u00e1nico.<\\\/div>\\n<\\\/div>\\n<\\\/div>\\n<\\\/li>\\n\n\n<li>\\n\n\n<div class=\\\"uk-grid-small\\\" uk-grid=\\\"\\\">\\n\n\n<div class=\\\"uk-width-auto\\\"><img class=\\\"uk-text-success\\\" src=\\\"wp-content\\\/uploads\\\/yootheme\\\/check.svg\\\" uk-svg=\\\"\\\" loading=\\\"lazy\\\" \\\/><\\\/div>\\n\n\n<div class=\\\"uk-width-expand\\\">\\n\n\n<div>Informes mensuales de seguimiento<\\\/div>\\n\n\n<div class=\\\"uk-text-meta\\\">Reportes del resultado de las acciones ejecutadas, adquisici\\u00f3n de consciencia de la evoluci\\u00f3n y la repercusi\\u00f3n de las mismas en la presencia en internet de la empresa beneficiaria.<\\\/div>\\n<\\\/div>\\n<\\\/div>\\n<\\\/li>\\n\n\n<li>\\n\n\n<div class=\\\"uk-grid-small\\\" uk-grid=\\\"\\\">\\n\n\n<div class=\\\"uk-width-expand\\\">\\n\n\n<div class=\\\"uk-text-meta\\\"><\\\/div>\\n<\\\/div>\\n<\\\/div>\\n<\\\/li>\\n<\\\/ul>\",\"meta\":\"\n\n<p class=\\\"uk-margin-remove\\\">Posicionamiento Web<br \\\/>(SEO)<br \\\/><\\\/p>\n\n<p class=\\\"uk-text-meta uk-margin-remove\\\"><\\\/p>\",\"title\":\"\n\n<p class=\\\"uk-margin-remove\\\">Hasta 2000  \\u20ac<\\\/p>\n\n<p class=\\\"uk-text-meta uk-margin-remove\\\"><\\\/p>\"}}]}]}]}]},{\"type\":\"section\",\"props\":{\"animation\":\"slide-bottom-medium\",\"animation_delay\":\"100\",\"image_position\":\"center-center\",\"style\":\"secondary\",\"title\":\"Ayuda\",\"title_breakpoint\":\"xl\",\"title_position\":\"top-left\",\"title_rotation\":\"left\",\"vertical_align\":\"\",\"width\":\"default\"},\"children\":[{\"type\":\"row\",\"children\":[{\"type\":\"column\",\"props\":{\"image_position\":\"center-center\",\"position_sticky_breakpoint\":\"m\"},\"children\":[{\"type\":\"grid\",\"props\":{\"content_align\":true,\"content_column_breakpoint\":\"m\",\"filter\":true,\"filter_align\":\"center\",\"filter_all\":false,\"filter_grid_breakpoint\":\"m\",\"filter_grid_width\":\"auto\",\"filter_position\":\"top\",\"filter_style\":\"subnav-pill\",\"grid_default\":\"1\",\"grid_medium\":\"2\",\"icon_width\":80,\"image_align\":\"top\",\"image_grid_breakpoint\":\"m\",\"image_grid_width\":\"1-2\",\"image_svg_color\":\"emphasis\",\"item_animation\":true,\"item_maxwidth\":\"large\",\"link_style\":\"default\",\"link_text\":\"Read more\",\"margin\":\"default\",\"meta_align\":\"above-title\",\"meta_element\":\"div\",\"meta_style\":\"h3\",\"panel_padding\":\"large\",\"parallax_easing\":\"1\",\"show_content\":true,\"show_image\":true,\"show_link\":true,\"show_meta\":true,\"show_title\":true,\"text_align\":\"center\",\"title_align\":\"top\",\"title_element\":\"div\",\"title_grid_breakpoint\":\"m\",\"title_grid_width\":\"1-2\",\"title_hover_style\":\"reset\",\"title_style\":\"h3\"},\"children\":[{\"type\":\"grid_item\",\"props\":{\"content\":\"Cumpliendo las condiciones establecidas en las bases de la convocatoria de la ayuda del Kit Digital, dispondr\\u00e1s de un bono digital con el que acceder a las soluciones de digitalizaci\\u00f3n.\",\"title\":\"Importe de la ayuda para el plan de Presencia avanzada en internet\"}},{\"type\":\"grid_item\",\"props\":{\"content\":\"\n\n<div class=\\\"uk-overflow-auto\\\">\\n\n\n<table class=\\\"uk-table uk-table-divider uk-table-middle uk-table-justify\\\">\\n\n\n<thead>\\n\n\n<tr>\\n\n\n<th>Segmentos de beneficiarios<\\\/th>\\n\n\n<th>Importe de la ayuda<\\\/th>\\n<\\\/tr>\\n<\\\/thead>\\n\n\n<tbody>\\n    \n\n<tr>\\n\n\n<td><strong>Segmento V<br \\\/><\\\/strong>1000 &lt; 250 empleados<\\\/td>\\n\n\n<td class=\\\"text-center\\\" style=\\\"text-align: center;\\\"><strong>5000\\u20ac<\\\/strong><\\\/td>\\n<\\\/tr>\\n    \n\n<tr>\\n\n\n<td><strong>Segmento IV<br \\\/><\\\/strong>50* &lt; 100 empleados<\\\/td>\\n\n\n<td class=\\\"text-center\\\" style=\\\"text-align: center;\\\"><strong>5000\\u20ac<\\\/strong><\\\/td>\\n<\\\/tr>\\n\n\n<tr>\\n\n\n<td><strong>Segmento III<br \\\/><\\\/strong>0 &lt; 3 empleados<\\\/td>\\n\n\n<td class=\\\"text-center\\\" style=\\\"text-align: center;\\\"><strong>2000\\u20ac<\\\/strong><\\\/td>\\n<\\\/tr>\\n\n\n<tr>\\n\n\n<td><strong>Segmento II<br \\\/><\\\/strong> 3 &lt; 9 empleados<\\\/td>\\n\n\n<td class=\\\"text-center\\\" style=\\\"text-align: center;\\\"><strong>2000\\u20ac(finalizado)<\\\/strong><\\\/td>\\n<\\\/tr>\\n\n\n<tr>\\n\n\n<td><\\\/td>\\n\n\n<td class=\\\"text-center\\\" style=\\\"text-align: center;\\\"><\\\/td>\\n<\\\/tr>\\n<\\\/tbody>\\n<\\\/table>\\n<\\\/div>\"}}]}]}]}]}],\"version\":\"4.4.19\"} --><\/p>\n","protected":false},"excerpt":{"rendered":"<p>Presencia avanzada en internet Asegura el posicionamiento de tu web en Internet, aumenta el alcance de futuros clientes e incrementa el tr\u00e1fico de visita Posiciona tu web en buscadores gracias a palabras claves relevantes para mejorar tu visibilidad en Internet y conseguir nuevos clientes. Servicio subvencionado hasta 5.000\u20ac por el programa Kit Digital Solicitar Informaci\u00f3n [&hellip;]<\/p>\n","protected":false},"author":2,"featured_media":0,"parent":0,"menu_order":0,"comment_status":"closed","ping_status":"closed","template":"","meta":{"_acf_changed":false,"footnotes":""},"class_list":["post-1874","page","type-page","status-publish","hentry"],"acf":[],"_links":{"self":[{"href":"https:\/\/www.e-sistemas.net\/acelera-pyme\/wp-json\/wp\/v2\/pages\/1874","targetHints":{"allow":["GET"]}}],"collection":[{"href":"https:\/\/www.e-sistemas.net\/acelera-pyme\/wp-json\/wp\/v2\/pages"}],"about":[{"href":"https:\/\/www.e-sistemas.net\/acelera-pyme\/wp-json\/wp\/v2\/types\/page"}],"author":[{"embeddable":true,"href":"https:\/\/www.e-sistemas.net\/acelera-pyme\/wp-json\/wp\/v2\/users\/2"}],"replies":[{"embeddable":true,"href":"https:\/\/www.e-sistemas.net\/acelera-pyme\/wp-json\/wp\/v2\/comments?post=1874"}],"version-history":[{"count":9,"href":"https:\/\/www.e-sistemas.net\/acelera-pyme\/wp-json\/wp\/v2\/pages\/1874\/revisions"}],"predecessor-version":[{"id":2272,"href":"https:\/\/www.e-sistemas.net\/acelera-pyme\/wp-json\/wp\/v2\/pages\/1874\/revisions\/2272"}],"wp:attachment":[{"href":"https:\/\/www.e-sistemas.net\/acelera-pyme\/wp-json\/wp\/v2\/media?parent=1874"}],"curies":[{"name":"wp","href":"https:\/\/api.w.org\/{rel}","templated":true}]}}