{"id":1886,"date":"2022-09-28T10:00:50","date_gmt":"2022-09-28T08:00:50","guid":{"rendered":"https:\/\/www.e-sistemas.net\/acelera-pyme\/?page_id=1886"},"modified":"2025-01-08T12:49:38","modified_gmt":"2025-01-08T11:49:38","slug":"marketplace","status":"publish","type":"page","link":"https:\/\/www.e-sistemas.net\/acelera-pyme\/marketplace\/","title":{"rendered":"Marketplace"},"content":{"rendered":"<p><a href=\"https:\/\/www.acelerapyme.gob.es\/kit-digital\/ciberseguridad\"><img decoding=\"async\" src=\"\/acelera-pyme\/wp-content\/uploads\/2022\/03\/acelera-pyme-kit-digital.png\" alt=\"\"><\/a><\/p>\n<h2><span data-contrast=\"auto\" xml:lang=\"ES-ES\" lang=\"ES-ES\" class=\"TextRun Underlined SCXW118511397 BCX9\"><span class=\"NormalTextRun SCXW118511397 BCX9\">Marketplace<\/span><\/span><\/h2>\n<div>\n<p>Facilita la localizaci\u00f3n de tus productos y servicios en Internet para aumentar las ventas y elegir el Marketplace adecuado<\/p>\n<p>Incorpora a tu empresa a un generador de oportunidades de negocio en Internet para conseguir m\u00e1s ventas y posicionarte junto a tus competidores.<\/p>\n<\/div>\n<div>\n<div>\n<h4>Servicio subvencionado hasta 2.000\u20ac por el programa Kit Digital<\/h4>\n<\/div>\n<\/div>\n<ul>\n<li>\n        <a href=\"https:\/\/www.e-sistemas.net\/acelera-pyme\/solicitar-informacion\">Solicitar Informaci\u00f3n<\/a>\n    <\/li>\n<li>\n        <a href=\"tel:+34958270876\">958270876<\/a>\n    <\/li>\n<\/ul>\n<h3>Estudio de ventas On-line<\/h3>\n<div>\n<div>\n<p class=\"uk-margin-remove\">2000 \u20ac<\/p>\n<p class=\"uk-text-meta uk-margin-remove\">\n<\/div>\n<p><p class=\"uk-margin-remove\">Marketplace<\/p>\n<p class=\"uk-text-meta uk-margin-remove\">\n<\/p>\n<div>\n<ul class=\"uk-list uk-list-large\">\n<li>\n<div class=\"uk-grid-small\" uk-grid=\"\">\n<div class=\"uk-width-auto\"><img decoding=\"async\" class=\"uk-text-success\" src=\"\/acelera-pyme\/wp-content\/uploads\/yootheme\/check.svg\" uk-svg=\"\" loading=\"lazy\" \/><\/div>\n<div class=\"uk-width-expand\">\n<div>Estudio previo de alternativas y alta en la plataforma<\/div>\n<div class=\"uk-text-meta\">Apertura de cuenta y alta del perfil del Beneficiario en, al menos, una plataforma de Marketplace y en un pa\u00eds.<\/div>\n<\/div>\n<\/div>\n<\/li>\n<li>\n<div class=\"uk-grid-small\" uk-grid=\"\">\n<div class=\"uk-width-auto\"><img decoding=\"async\" class=\"uk-text-success\" src=\"\/acelera-pyme\/wp-content\/uploads\/yootheme\/check.svg\" uk-svg=\"\" loading=\"lazy\" \/><\/div>\n<div class=\"uk-width-expand\">\n<div>An\u00e1lisis de la competencia<\/div>\n<div class=\"uk-text-meta\">Investigaci\u00f3n de mercado focalizada en las caracter\u00edsticas de los competidores para mejorar el proceso de toma de decisiones y alcanzar una posici\u00f3n competitiva.<\/div>\n<\/div>\n<\/div>\n<\/li>\n<li>\n<div class=\"uk-grid-small\" uk-grid=\"\">\n<div class=\"uk-width-auto\"><img decoding=\"async\" class=\"uk-text-success\" src=\"\/acelera-pyme\/wp-content\/uploads\/yootheme\/check.svg\" uk-svg=\"\" loading=\"lazy\" \/><\/div>\n<div class=\"uk-width-expand\">\n<div>Dise\u00f1o y definici\u00f3n de la estrategia de negocio<\/div>\n<div class=\"uk-text-meta\">Construcci\u00f3n de una estrategia de negocio adaptada a ti, para lograr la consecuci\u00f3n de los objetivos deseados.<\/div>\n<\/div>\n<\/div>\n<\/li>\n<li>\n<div class=\"uk-grid-small\" uk-grid=\"\">\n<div class=\"uk-width-auto\"><img decoding=\"async\" class=\"uk-text-success\" src=\"\/acelera-pyme\/wp-content\/uploads\/yootheme\/check.svg\" uk-svg=\"\" loading=\"lazy\" \/><\/div>\n<div class=\"uk-width-expand\">\n<div>Producci\u00f3n del cat\u00e1logo de referencias<\/div>\n<div class=\"uk-text-meta\">An\u00e1lisis de las categor\u00edas a comercializar para seleccionar, al menos, diez productos alineados con la estrategia de negocio.<\/div>\n<\/div>\n<\/div>\n<\/li>\n<li>\n<div class=\"uk-grid-small\" uk-grid=\"\">\n<div class=\"uk-width-auto\"><img decoding=\"async\" class=\"uk-text-success\" src=\"\/acelera-pyme\/wp-content\/uploads\/yootheme\/check.svg\" uk-svg=\"\" loading=\"lazy\" \/><\/div>\n<div class=\"uk-width-expand\">\n<div>Creaci\u00f3n del contenido del listing<\/div>\n<div class=\"uk-text-meta\">Definici\u00f3n de al menos diez descripciones del cat\u00e1logo de referencias.<\/div>\n<\/div>\n<\/div>\n<\/li>\n<li>\n<div class=\"uk-grid-small\" uk-grid=\"\">\n<div class=\"uk-width-auto\"><img decoding=\"async\" class=\"uk-text-success\" src=\"\/acelera-pyme\/wp-content\/uploads\/yootheme\/check.svg\" uk-svg=\"\" loading=\"lazy\" \/><\/div>\n<div class=\"uk-width-expand\">\n<div>Alta de referencias<\/div>\n<div class=\"uk-text-meta\"><span class=\"NormalTextRun SCXW145118042 BCX9\">Carga de al menos diez referencias y sus respectivas descripciones y fotograf\u00edas en la plataforma,<\/span><span class=\"NormalTextRun SCXW145118042 BCX9\"> acompa\u00f1ada por la descripci\u00f3n y fotograf\u00eda individual de cada producto.<\/span><\/div>\n<\/div>\n<\/div>\n<\/li>\n<li>\n<div class=\"uk-grid-small\" uk-grid=\"\">\n<div class=\"uk-width-auto\"><\/div>\n<div class=\"uk-width-expand\"><\/div>\n<\/div>\n<\/li>\n<\/ul>\n<\/div>\n<\/div>\n<ul>\n<li>\n<div>Importe de la ayuda para el plan de Marketplace<\/div>\n<div>Cumpliendo las condiciones establecidas en las bases de la convocatoria de la ayuda del Kit Digital, dispondr\u00e1s de un bono digital con el que acceder a las soluciones de digitalizaci\u00f3n.<\/div>\n<\/li>\n<li>\n<div>\n<div class=\"uk-overflow-auto\">\n<table class=\"uk-table uk-table-divider uk-table-middle uk-table-justify\">\n<thead>\n<tr>\n<th>Segmentos de beneficiarios<\/th>\n<th>Importe de la ayuda<\/th>\n<\/tr>\n<\/thead>\n<tbody>\n<tr>\n<td><strong>Segmento III<br \/><\/strong>10 &lt; 50 empleados<\/td>\n<td class=\"text-center\" style=\"text-align: center;\"><strong>2000\u20ac<\/strong><\/td>\n<\/tr>\n<tr>\n<td><strong>Segmento I<br \/><\/strong> 0 &lt; 3 empleados<\/td>\n<td class=\"text-center\" style=\"text-align: center;\"><strong>2000\u20ac<\/strong><\/td>\n<\/tr>\n<tr>\n<td><strong>Segmento II<br \/><\/strong>3 &lt; 9 empleados<\/td>\n<td class=\"text-center\" style=\"text-align: center;\"><strong>2000\u20ac(finalizado)<\/strong><\/td>\n<\/tr>\n<tr>\n<td><\/td>\n<td class=\"text-center\" style=\"text-align: center;\"><\/td>\n<\/tr>\n<\/tbody>\n<\/table>\n<\/div>\n<\/div>\n<\/li>\n<\/ul>\n<p><!--more--><br \/>\n<!-- {\"name\":\"Marketplace\",\"type\":\"layout\",\"children\":[{\"type\":\"section\",\"props\":{\"animation\":\"slide-bottom-medium\",\"animation_delay\":\"100\",\"image_position\":\"center-center\",\"style\":\"default\",\"title\":\"Kit Digital\",\"title_breakpoint\":\"xl\",\"title_position\":\"top-left\",\"title_rotation\":\"left\",\"vertical_align\":\"\",\"width\":\"default\"},\"children\":[{\"type\":\"row\",\"children\":[{\"type\":\"column\",\"props\":{\"image_position\":\"center-center\",\"position_sticky_breakpoint\":\"m\"},\"children\":[{\"type\":\"image\",\"props\":{\"image\":\"wp-content\\\/uploads\\\/2022\\\/03\\\/acelera-pyme-kit-digital.png\",\"image_svg_color\":\"emphasis\",\"link\":\"https:\\\/\\\/www.acelerapyme.gob.es\\\/kit-digital\\\/ciberseguridad\",\"link_target\":\"blank\",\"margin\":\"default\",\"text_align\":\"center\"}},{\"type\":\"headline\",\"props\":{\"block_align\":\"center\",\"content\":\"<span data-contrast=\\\"auto\\\" xml:lang=\\\"ES-ES\\\" lang=\\\"ES-ES\\\" class=\\\"TextRun Underlined SCXW118511397 BCX9\\\"><span class=\\\"NormalTextRun SCXW118511397 BCX9\\\">Marketplace<\\\/span><\\\/span>\",\"maxwidth\":\"2xlarge\",\"text_align\":\"center\",\"title_element\":\"h2\",\"title_style\":\"h1\"}},{\"type\":\"text\",\"props\":{\"block_align\":\"center\",\"column_breakpoint\":\"m\",\"content\":\"\n\n<p>Facilita la localizaci\\u00f3n de tus productos y servicios en Internet para aumentar las ventas y elegir el Marketplace adecuado<\\\/p>\\n\n\n<p>Incorpora a tu empresa a un generador de oportunidades de negocio en Internet para conseguir m\\u00e1s ventas y posicionarte junto a tus competidores.<\\\/p>\",\"margin\":\"default\",\"maxwidth\":\"2xlarge\",\"text_align\":\"center\",\"text_style\":\"lead\"}},{\"type\":\"alert\",\"props\":{\"alert_size\":true,\"alert_style\":\"success\",\"block_align\":\"center\",\"content\":\"\n\n<h4>Servicio subvencionado hasta 2.000\\u20ac por el programa Kit Digital<\\\/h4>\",\"content_margin\":\"small\",\"maxwidth\":\"2xlarge\",\"text_align\":\"center\",\"title_element\":\"h3\"}},{\"type\":\"button\",\"props\":{\"grid_column_gap\":\"small\",\"grid_row_gap\":\"small\",\"margin\":\"default\",\"text_align\":\"center\"},\"children\":[{\"type\":\"button_item\",\"props\":{\"button_style\":\"primary\",\"content\":\"Solicitar Informaci\\u00f3n\",\"icon_align\":\"left\",\"link\":\"https:\\\/\\\/www.e-sistemas.net\\\/acelera-pyme\\\/solicitar-informacion\"}},{\"type\":\"button_item\",\"props\":{\"button_style\":\"secondary\",\"content\":\"958270876\",\"icon_align\":\"left\",\"link\":\"tel:+34958270876\"}}]}]}]}]},{\"type\":\"section\",\"props\":{\"animation\":\"slide-bottom-medium\",\"animation_delay\":\"100\",\"image_position\":\"center-center\",\"style\":\"muted\",\"title\":\"Plan\",\"title_breakpoint\":\"xl\",\"title_position\":\"top-left\",\"title_rotation\":\"left\",\"vertical_align\":\"\",\"width\":\"small\"},\"children\":[{\"type\":\"row\",\"children\":[{\"type\":\"column\",\"props\":{\"image_position\":\"center-center\",\"position_sticky_breakpoint\":\"m\"},\"children\":[{\"type\":\"headline\",\"props\":{\"block_align\":\"center\",\"content\":\"Estudio de ventas On-line\",\"maxwidth\":\"2xlarge\",\"text_align\":\"center\",\"title_element\":\"h3\",\"title_style\":\"h2\"}},{\"type\":\"grid\",\"props\":{\"content_align\":true,\"content_column_breakpoint\":\"m\",\"content_margin\":\"medium\",\"filter\":true,\"filter_align\":\"center\",\"filter_all\":false,\"filter_grid_breakpoint\":\"m\",\"filter_grid_width\":\"auto\",\"filter_margin\":\"small\",\"filter_position\":\"top\",\"filter_style\":\"subnav-pill\",\"grid_default\":\"1\",\"grid_medium\":\"1\",\"icon_width\":80,\"image_align\":\"top\",\"image_grid_breakpoint\":\"m\",\"image_grid_width\":\"1-2\",\"image_svg_color\":\"emphasis\",\"item_animation\":true,\"item_maxwidth\":\"large\",\"link_fullwidth\":true,\"link_margin\":\"large\",\"link_size\":\"large\",\"link_style\":\"default\",\"link_text\":\"Mas Informaci\\u00f3n\",\"margin\":\"large\",\"meta_align\":\"above-title\",\"meta_element\":\"div\",\"meta_style\":\"h3\",\"panel_padding\":\"small\",\"panel_style\":\"card-secondary\",\"parallax_easing\":\"1\",\"position\":\"relative\",\"position_z_index\":\"1\",\"show_content\":true,\"show_image\":true,\"show_link\":true,\"show_meta\":true,\"show_title\":true,\"text_align\":\"center\",\"title_align\":\"top\",\"title_element\":\"div\",\"title_grid_breakpoint\":\"m\",\"title_grid_width\":\"1-2\",\"title_hover_style\":\"reset\",\"title_style\":\"h2\"},\"children\":[{\"type\":\"grid_item\",\"props\":{\"content\":\"\n\n<ul class=\\\"uk-list uk-list-large\\\">\\n\n\n<li>\\n\n\n<div class=\\\"uk-grid-small\\\" uk-grid=\\\"\\\">\\n\n\n<div class=\\\"uk-width-auto\\\"><img class=\\\"uk-text-success\\\" src=\\\"wp-content\\\/uploads\\\/yootheme\\\/check.svg\\\" uk-svg=\\\"\\\" loading=\\\"lazy\\\" \\\/><\\\/div>\\n\n\n<div class=\\\"uk-width-expand\\\">\\n\n\n<div>Estudio previo de alternativas y alta en la plataforma<\\\/div>\\n\n\n<div class=\\\"uk-text-meta\\\">Apertura de cuenta y alta del perfil del Beneficiario en, al menos, una plataforma de Marketplace y en un pa\\u00eds.<\\\/div>\\n<\\\/div>\\n<\\\/div>\\n<\\\/li>\\n\n\n<li>\\n\n\n<div class=\\\"uk-grid-small\\\" uk-grid=\\\"\\\">\\n\n\n<div class=\\\"uk-width-auto\\\"><img class=\\\"uk-text-success\\\" src=\\\"wp-content\\\/uploads\\\/yootheme\\\/check.svg\\\" uk-svg=\\\"\\\" loading=\\\"lazy\\\" \\\/><\\\/div>\\n\n\n<div class=\\\"uk-width-expand\\\">\\n\n\n<div>An\\u00e1lisis de la competencia<\\\/div>\\n\n\n<div class=\\\"uk-text-meta\\\">Investigaci\\u00f3n de mercado focalizada en las caracter\\u00edsticas de los competidores para mejorar el proceso de toma de decisiones y alcanzar una posici\\u00f3n competitiva.<\\\/div>\\n<\\\/div>\\n<\\\/div>\\n<\\\/li>\\n\n\n<li>\\n\n\n<div class=\\\"uk-grid-small\\\" uk-grid=\\\"\\\">\\n\n\n<div class=\\\"uk-width-auto\\\"><img class=\\\"uk-text-success\\\" src=\\\"wp-content\\\/uploads\\\/yootheme\\\/check.svg\\\" uk-svg=\\\"\\\" loading=\\\"lazy\\\" \\\/><\\\/div>\\n\n\n<div class=\\\"uk-width-expand\\\">\\n\n\n<div>Dise\\u00f1o y definici\\u00f3n de la estrategia de negocio<\\\/div>\\n\n\n<div class=\\\"uk-text-meta\\\">Construcci\\u00f3n de una estrategia de negocio adaptada a ti, para lograr la consecuci\\u00f3n de los objetivos deseados.<\\\/div>\\n<\\\/div>\\n<\\\/div>\\n<\\\/li>\\n\n\n<li>\\n\n\n<div class=\\\"uk-grid-small\\\" uk-grid=\\\"\\\">\\n\n\n<div class=\\\"uk-width-auto\\\"><img class=\\\"uk-text-success\\\" src=\\\"wp-content\\\/uploads\\\/yootheme\\\/check.svg\\\" uk-svg=\\\"\\\" loading=\\\"lazy\\\" \\\/><\\\/div>\\n\n\n<div class=\\\"uk-width-expand\\\">\\n\n\n<div>Producci\\u00f3n del cat\\u00e1logo de referencias<\\\/div>\\n\n\n<div class=\\\"uk-text-meta\\\">An\\u00e1lisis de las categor\\u00edas a comercializar para seleccionar, al menos, diez productos alineados con la estrategia de negocio.<\\\/div>\\n<\\\/div>\\n<\\\/div>\\n<\\\/li>\\n\n\n<li>\\n\n\n<div class=\\\"uk-grid-small\\\" uk-grid=\\\"\\\">\\n\n\n<div class=\\\"uk-width-auto\\\"><img class=\\\"uk-text-success\\\" src=\\\"wp-content\\\/uploads\\\/yootheme\\\/check.svg\\\" uk-svg=\\\"\\\" loading=\\\"lazy\\\" \\\/><\\\/div>\\n\n\n<div class=\\\"uk-width-expand\\\">\\n\n\n<div>Creaci\\u00f3n del contenido del listing<\\\/div>\\n\n\n<div class=\\\"uk-text-meta\\\">Definici\\u00f3n de al menos diez descripciones del cat\\u00e1logo de referencias.<\\\/div>\\n<\\\/div>\\n<\\\/div>\\n<\\\/li>\\n\n\n<li>\\n\n\n<div class=\\\"uk-grid-small\\\" uk-grid=\\\"\\\">\\n\n\n<div class=\\\"uk-width-auto\\\"><img class=\\\"uk-text-success\\\" src=\\\"wp-content\\\/uploads\\\/yootheme\\\/check.svg\\\" uk-svg=\\\"\\\" loading=\\\"lazy\\\" \\\/><\\\/div>\\n\n\n<div class=\\\"uk-width-expand\\\">\\n\n\n<div>Alta de referencias<\\\/div>\\n\n\n<div class=\\\"uk-text-meta\\\"><span class=\\\"NormalTextRun SCXW145118042 BCX9\\\">Carga de al menos diez referencias y sus respectivas descripciones y fotograf\\u00edas en la plataforma,<\\\/span><span class=\\\"NormalTextRun SCXW145118042 BCX9\\\"> acompa\\u00f1ada por la descripci\\u00f3n y fotograf\\u00eda individual de cada producto.<\\\/span><\\\/div>\\n<\\\/div>\\n<\\\/div>\\n<\\\/li>\\n\n\n<li>\\n\n\n<div class=\\\"uk-grid-small\\\" uk-grid=\\\"\\\">\\n\n\n<div class=\\\"uk-width-auto\\\"><\\\/div>\\n\n\n<div class=\\\"uk-width-expand\\\"><\\\/div>\\n<\\\/div>\\n<\\\/li>\\n<\\\/ul>\",\"meta\":\"\n\n<p class=\\\"uk-margin-remove\\\">Marketplace<br \\\/><\\\/p>\n\n<p class=\\\"uk-text-meta uk-margin-remove\\\"><\\\/p>\",\"title\":\"\n\n<p class=\\\"uk-margin-remove\\\">2000 \\u20ac<\\\/p>\n\n<p class=\\\"uk-text-meta uk-margin-remove\\\"><\\\/p>\"}}]}]}]}]},{\"type\":\"section\",\"props\":{\"animation\":\"slide-bottom-medium\",\"animation_delay\":\"100\",\"image_position\":\"center-center\",\"style\":\"secondary\",\"title\":\"Ayuda\",\"title_breakpoint\":\"xl\",\"title_position\":\"top-left\",\"title_rotation\":\"left\",\"vertical_align\":\"\",\"width\":\"default\"},\"children\":[{\"type\":\"row\",\"children\":[{\"type\":\"column\",\"props\":{\"image_position\":\"center-center\",\"position_sticky_breakpoint\":\"m\"},\"children\":[{\"type\":\"grid\",\"props\":{\"content_align\":true,\"content_column_breakpoint\":\"m\",\"filter\":true,\"filter_align\":\"center\",\"filter_all\":false,\"filter_grid_breakpoint\":\"m\",\"filter_grid_width\":\"auto\",\"filter_position\":\"top\",\"filter_style\":\"subnav-pill\",\"grid_default\":\"1\",\"grid_medium\":\"2\",\"icon_width\":80,\"image_align\":\"top\",\"image_grid_breakpoint\":\"m\",\"image_grid_width\":\"1-2\",\"image_svg_color\":\"emphasis\",\"item_animation\":true,\"item_maxwidth\":\"large\",\"link_style\":\"default\",\"link_text\":\"Read more\",\"margin\":\"default\",\"meta_align\":\"above-title\",\"meta_element\":\"div\",\"meta_style\":\"h3\",\"panel_padding\":\"large\",\"parallax_easing\":\"1\",\"show_content\":true,\"show_image\":true,\"show_link\":true,\"show_meta\":true,\"show_title\":true,\"text_align\":\"center\",\"title_align\":\"top\",\"title_element\":\"div\",\"title_grid_breakpoint\":\"m\",\"title_grid_width\":\"1-2\",\"title_hover_style\":\"reset\",\"title_style\":\"h3\"},\"children\":[{\"type\":\"grid_item\",\"props\":{\"content\":\"Cumpliendo las condiciones establecidas en las bases de la convocatoria de la ayuda del Kit Digital, dispondr\\u00e1s de un bono digital con el que acceder a las soluciones de digitalizaci\\u00f3n.\",\"title\":\"Importe de la ayuda para el plan de Marketplace\"}},{\"type\":\"grid_item\",\"props\":{\"content\":\"\n\n<div class=\\\"uk-overflow-auto\\\">\\n\n\n<table class=\\\"uk-table uk-table-divider uk-table-middle uk-table-justify\\\">\\n\n\n<thead>\\n\n\n<tr>\\n\n\n<th>Segmentos de beneficiarios<\\\/th>\\n\n\n<th>Importe de la ayuda<\\\/th>\\n<\\\/tr>\\n<\\\/thead>\\n\n\n<tbody>\\n    \n\n<tr>\\n\n\n<td><strong>Segmento III<br \\\/><\\\/strong>10 &lt; 50 empleados<\\\/td>\\n\n\n<td class=\\\"text-center\\\" style=\\\"text-align: center;\\\"><strong>2000\\u20ac<\\\/strong><\\\/td>\\n<\\\/tr>\\n\\n\n\n<tr>\\n\n\n<td><strong>Segmento I<br \\\/><\\\/strong> 0 &lt; 3 empleados<\\\/td>\\n\n\n<td class=\\\"text-center\\\" style=\\\"text-align: center;\\\"><strong>2000\\u20ac<\\\/strong><\\\/td>\\n<\\\/tr>\\n    \n\n<tr>\\n\n\n<td><strong>Segmento II<br \\\/><\\\/strong>3 &lt; 9 empleados<\\\/td>\\n\n\n<td class=\\\"text-center\\\" style=\\\"text-align: center;\\\"><strong>2000\\u20ac(finalizado)<\\\/strong><\\\/td>\\n<\\\/tr>\\n\n\n<tr>\\n\n\n<td><\\\/td>\\n\n\n<td class=\\\"text-center\\\" style=\\\"text-align: center;\\\"><\\\/td>\\n<\\\/tr>\\n<\\\/tbody>\\n<\\\/table>\\n<\\\/div>\"}}]}]}]}]}],\"version\":\"4.4.19\"} --><\/p>\n","protected":false},"excerpt":{"rendered":"<p>Marketplace Facilita la localizaci\u00f3n de tus productos y servicios en Internet para aumentar las ventas y elegir el Marketplace adecuado Incorpora a tu empresa a un generador de oportunidades de negocio en Internet para conseguir m\u00e1s ventas y posicionarte junto a tus competidores. Servicio subvencionado hasta 2.000\u20ac por el programa Kit Digital Solicitar Informaci\u00f3n 958270876 [&hellip;]<\/p>\n","protected":false},"author":2,"featured_media":0,"parent":0,"menu_order":0,"comment_status":"closed","ping_status":"closed","template":"","meta":{"_acf_changed":false,"footnotes":""},"class_list":["post-1886","page","type-page","status-publish","hentry"],"acf":[],"_links":{"self":[{"href":"https:\/\/www.e-sistemas.net\/acelera-pyme\/wp-json\/wp\/v2\/pages\/1886","targetHints":{"allow":["GET"]}}],"collection":[{"href":"https:\/\/www.e-sistemas.net\/acelera-pyme\/wp-json\/wp\/v2\/pages"}],"about":[{"href":"https:\/\/www.e-sistemas.net\/acelera-pyme\/wp-json\/wp\/v2\/types\/page"}],"author":[{"embeddable":true,"href":"https:\/\/www.e-sistemas.net\/acelera-pyme\/wp-json\/wp\/v2\/users\/2"}],"replies":[{"embeddable":true,"href":"https:\/\/www.e-sistemas.net\/acelera-pyme\/wp-json\/wp\/v2\/comments?post=1886"}],"version-history":[{"count":7,"href":"https:\/\/www.e-sistemas.net\/acelera-pyme\/wp-json\/wp\/v2\/pages\/1886\/revisions"}],"predecessor-version":[{"id":2273,"href":"https:\/\/www.e-sistemas.net\/acelera-pyme\/wp-json\/wp\/v2\/pages\/1886\/revisions\/2273"}],"wp:attachment":[{"href":"https:\/\/www.e-sistemas.net\/acelera-pyme\/wp-json\/wp\/v2\/media?parent=1886"}],"curies":[{"name":"wp","href":"https:\/\/api.w.org\/{rel}","templated":true}]}}