{"id":1961,"date":"2024-06-14T14:36:06","date_gmt":"2024-06-14T12:36:06","guid":{"rendered":"https:\/\/www.e-sistemas.net\/acelera-pyme\/?page_id=1961"},"modified":"2024-06-14T14:51:27","modified_gmt":"2024-06-14T12:51:27","slug":"requisitos-para-solicitar-kit-consulting","status":"publish","type":"page","link":"https:\/\/www.e-sistemas.net\/acelera-pyme\/requisitos-para-solicitar-kit-consulting\/","title":{"rendered":"Requisitos para Solicitar Kit Consulting"},"content":{"rendered":"<p><a href=\"\/acelera-pyme\/soluciones-digitales-kit-consulting\"><img decoding=\"async\" src=\"\/acelera-pyme\/wp-content\/uploads\/2024\/06\/Banner-Kit-Consulting-2.png\" alt=\"\"><\/a><\/p>\n<h2>\u00bfCu\u00e1les son los requisitos<br \/>para solicitar la ayuda?<\/h2>\n<div>\n<p>Si cumples las siguientes condiciones,<br \/>\u00a1el programa Kit Consulting\u00a0est\u00e1 hecho para ti!<\/p>\n<\/div>\n<ul>\n<li>\n<div>\n<ul class=\"uk-list uk-list-large\">\n<li>\n<div class=\"uk-grid-small\" uk-grid=\"\">\n<div class=\"uk-width-auto\"><img decoding=\"async\" class=\"uk-text-success\" src=\"\/acelera-pyme\/wp-content\/uploads\/yootheme\/check.svg\" uk-svg=\"\" loading=\"lazy\" \/><\/div>\n<div class=\"uk-width-expand\">Ser una empresa, de 10 a 250 empleados.<\/div>\n<\/div>\n<\/li>\n<li>\n<div class=\"uk-grid-small\" uk-grid=\"\">\n<div class=\"uk-width-auto\"><img decoding=\"async\" class=\"uk-text-success\" src=\"\/acelera-pyme\/wp-content\/uploads\/yootheme\/check.svg\" uk-svg=\"\" loading=\"lazy\" \/><\/div>\n<div class=\"uk-width-expand\">\n<p>Tener el domicilio fiscal en territorio espa\u00f1ol y tener la consideraci\u00f3n de peque\u00f1a o mediana empresa.<\/p>\n<\/div>\n<\/div>\n<\/li>\n<\/ul>\n<div class=\"uk-grid-small\" uk-grid=\"\">\n<div class=\"uk-width-auto\"><img decoding=\"async\" class=\"uk-text-success\" src=\"\/acelera-pyme\/wp-content\/uploads\/yootheme\/check.svg\" uk-svg=\"\" loading=\"lazy\" \/><\/div>\n<div class=\"uk-width-expand\">Estar en situaci\u00f3n de alta y tener la antig\u00fcedad m\u00ednima que se establece por convocatoria.<\/div>\n<div><span><img decoding=\"async\" class=\"uk-text-success\" src=\"\/acelera-pyme\/wp-content\/uploads\/yootheme\/check.svg\" uk-svg=\"\" loading=\"lazy\" \/>\u00a0 \u00a0 Se exige que la pyme solicitante <\/span><strong>no est\u00e9 incursa en ninguna otra de las prohibiciones previstas en la Ley General de Subvenciones y no superar el l\u00edmite de ayudas de m\u00ednimas<\/strong><span>.<\/span><\/div>\n<div>\n<div class=\"uk-width-expand\"><\/div>\n<\/div>\n<\/div>\n<div><\/div>\n<div class=\"uk-grid-small\" uk-grid=\"\"><\/div>\n<\/p>\n<\/div>\n<\/li>\n<li>\n<div>\n<ul class=\"uk-list uk-list-large\">\n<li>\n<div class=\"uk-grid-small\" uk-grid=\"\">\n<div class=\"uk-width-auto\"><img decoding=\"async\" class=\"uk-text-success\" src=\"\/acelera-pyme\/wp-content\/uploads\/yootheme\/check.svg\" uk-svg=\"\" loading=\"lazy\" \/><\/div>\n<div class=\"uk-width-expand\">No deber\u00e1n tener la consideraci\u00f3n de empresas en crisis,\u00a0estar al corriente de las obligaciones tributarias y frente a la Seguridad Social\u00a0y\u00a0no estar sujeto a una orden de recuperaci\u00f3n pendiente tras una decisi\u00f3n previa de la Comisi\u00f3n Europea que haya declarado una ayuda ilegal e\u00a0incompatible con el mercado com\u00fan.<\/div>\n<\/div>\n<\/li>\n<li>\n<div class=\"uk-grid-small\" uk-grid=\"\">\n<div class=\"uk-width-auto\"><img decoding=\"async\" class=\"uk-text-success\" src=\"\/acelera-pyme\/wp-content\/uploads\/yootheme\/check.svg\" uk-svg=\"\" loading=\"lazy\" \/><\/div>\n<div class=\"uk-width-expand\">\n<p>Estar inscritos en el\u00a0<strong>censo de empresarios, profesionales y retenedores de la Agencia Estatal de Administraci\u00f3n Tributaria\u00a0<\/strong>o en el equivalente de la Administraci\u00f3n Tributaria Foral, que debe reflejar la actividad econ\u00f3mica que desarrolla la empresa en el\u00a0momento de pedir la subvenci\u00f3n.<\/p>\n<\/div>\n<\/div>\n<\/li>\n<\/ul>\n<\/div>\n<\/li>\n<\/ul>\n<p><!--more--><br \/>\n<!-- {\"type\":\"layout\",\"children\":[{\"type\":\"section\",\"props\":{\"animation\":\"slide-bottom-medium\",\"animation_delay\":\"100\",\"image_position\":\"center-center\",\"style\":\"default\",\"title\":\"Requisitos\",\"title_breakpoint\":\"xl\",\"title_position\":\"top-left\",\"title_rotation\":\"left\",\"vertical_align\":\"\",\"width\":\"default\"},\"children\":[{\"type\":\"row\",\"children\":[{\"type\":\"column\",\"props\":{\"image_position\":\"center-center\",\"position_sticky_breakpoint\":\"m\"},\"children\":[{\"type\":\"image\",\"props\":{\"image\":\"wp-content\\\/uploads\\\/2024\\\/06\\\/Banner-Kit-Consulting-2.png\",\"image_svg_color\":\"emphasis\",\"image_width\":600,\"link\":\"soluciones-digitales-kit-consulting\",\"link_target\":\"blank\",\"margin\":\"default\",\"text_align\":\"center\"}},{\"type\":\"headline\",\"props\":{\"block_align\":\"center\",\"content\":\"\\u00bfCu\\u00e1les son los requisitos<br \\\/>para solicitar la ayuda?\",\"maxwidth\":\"2xlarge\",\"text_align\":\"center\",\"title_element\":\"h2\",\"title_style\":\"h1\"}},{\"type\":\"text\",\"props\":{\"block_align\":\"center\",\"column_breakpoint\":\"m\",\"content\":\"\n\n<p>Si cumples las siguientes condiciones,<br \\\/>\\u00a1el programa Kit Consulting\\u00a0est\\u00e1 hecho para ti!<\\\/p>\",\"margin\":\"default\",\"maxwidth\":\"2xlarge\",\"text_align\":\"center\",\"text_style\":\"lead\"}},{\"type\":\"grid\",\"props\":{\"content_column_breakpoint\":\"m\",\"filter\":true,\"filter_align\":\"center\",\"filter_all\":false,\"filter_grid_breakpoint\":\"m\",\"filter_grid_width\":\"auto\",\"filter_margin\":\"large\",\"filter_position\":\"top\",\"filter_style\":\"subnav-pill\",\"grid_default\":\"1\",\"grid_medium\":\"2\",\"icon_width\":80,\"image_align\":\"top\",\"image_grid_breakpoint\":\"m\",\"image_grid_width\":\"1-2\",\"image_svg_color\":\"emphasis\",\"item_animation\":true,\"item_maxwidth\":\"xlarge\",\"link_style\":\"default\",\"link_text\":\"Read more\",\"margin\":\"default\",\"meta_align\":\"below-title\",\"meta_element\":\"div\",\"meta_style\":\"text-meta\",\"panel_padding\":\"large\",\"parallax_easing\":\"1\",\"show_content\":true,\"show_image\":true,\"show_link\":true,\"show_meta\":true,\"show_title\":true,\"title_align\":\"top\",\"title_element\":\"h3\",\"title_grid_breakpoint\":\"m\",\"title_grid_width\":\"1-2\",\"title_hover_style\":\"reset\"},\"children\":[{\"type\":\"grid_item\",\"props\":{\"content\":\"\n\n<ul class=\\\"uk-list uk-list-large\\\">\\n\n\n<li>\\n\n\n<div class=\\\"uk-grid-small\\\" uk-grid=\\\"\\\">\\n\n\n<div class=\\\"uk-width-auto\\\"><img class=\\\"uk-text-success\\\" src=\\\"wp-content\\\/uploads\\\/yootheme\\\/check.svg\\\" uk-svg=\\\"\\\" loading=\\\"lazy\\\" \\\/><\\\/div>\\n\n\n<div class=\\\"uk-width-expand\\\">Ser una empresa, de 10 a 250 empleados.<\\\/div>\\n<\\\/div>\\n<\\\/li>\\n\n\n<li>\\n\n\n<div class=\\\"uk-grid-small\\\" uk-grid=\\\"\\\">\\n\n\n<div class=\\\"uk-width-auto\\\"><img class=\\\"uk-text-success\\\" src=\\\"wp-content\\\/uploads\\\/yootheme\\\/check.svg\\\" uk-svg=\\\"\\\" loading=\\\"lazy\\\" \\\/><\\\/div>\\n\n\n<div class=\\\"uk-width-expand\\\">\\n\n\n<p>Tener el domicilio fiscal en territorio espa\\u00f1ol y tener la consideraci\\u00f3n de peque\\u00f1a o mediana empresa.<\\\/p>\\n<\\\/div>\\n<\\\/div>\\n<\\\/li>\\n<\\\/ul>\\n\n\n<div class=\\\"uk-grid-small\\\" uk-grid=\\\"\\\">\\n\n\n<div class=\\\"uk-width-auto\\\"><img class=\\\"uk-text-success\\\" src=\\\"wp-content\\\/uploads\\\/yootheme\\\/check.svg\\\" uk-svg=\\\"\\\" loading=\\\"lazy\\\" \\\/><\\\/div>\\n\n\n<div class=\\\"uk-width-expand\\\">Estar en situaci\\u00f3n de alta y tener la antig\\u00fcedad m\\u00ednima que se establece por convocatoria.<\\\/div>\\n\n\n<div><span><img class=\\\"uk-text-success\\\" src=\\\"wp-content\\\/uploads\\\/yootheme\\\/check.svg\\\" uk-svg=\\\"\\\" loading=\\\"lazy\\\" \\\/>\\u00a0 \\u00a0 Se exige que la pyme solicitante <\\\/span><strong>no est\\u00e9 incursa en ninguna otra de las prohibiciones previstas en la Ley General de Subvenciones y no superar el l\\u00edmite de ayudas de m\\u00ednimas<\\\/strong><span>.<\\\/span><\\\/div>\\n\n\n<div>\\n\n\n<div class=\\\"uk-width-expand\\\"><\\\/div>\\n<\\\/div>\\n<\\\/div>\\n\n\n<div><\\\/div>\\n\n\n<div class=\\\"uk-grid-small\\\" uk-grid=\\\"\\\"><\\\/div>\\n\n\n<p><\\\/p>\"}},{\"type\":\"grid_item\",\"props\":{\"content\":\"\n\n<ul class=\\\"uk-list uk-list-large\\\">\\n\n\n<li>\\n\n\n<div class=\\\"uk-grid-small\\\" uk-grid=\\\"\\\">\\n\n\n<div class=\\\"uk-width-auto\\\"><img class=\\\"uk-text-success\\\" src=\\\"wp-content\\\/uploads\\\/yootheme\\\/check.svg\\\" uk-svg=\\\"\\\" loading=\\\"lazy\\\" \\\/><\\\/div>\\n\n\n<div class=\\\"uk-width-expand\\\">No deber\\u00e1n tener la consideraci\\u00f3n de empresas en crisis,\\u00a0estar al corriente de las obligaciones tributarias y frente a la Seguridad Social\\u00a0y\\u00a0no estar sujeto a una orden de recuperaci\\u00f3n pendiente tras una decisi\\u00f3n previa de la Comisi\\u00f3n Europea que haya declarado una ayuda ilegal e\\u00a0incompatible con el mercado com\\u00fan.<\\\/div>\\n<\\\/div>\\n<\\\/li>\\n\n\n<li>\\n\n\n<div class=\\\"uk-grid-small\\\" uk-grid=\\\"\\\">\\n\n\n<div class=\\\"uk-width-auto\\\"><img class=\\\"uk-text-success\\\" src=\\\"wp-content\\\/uploads\\\/yootheme\\\/check.svg\\\" uk-svg=\\\"\\\" loading=\\\"lazy\\\" \\\/><\\\/div>\\n\n\n<div class=\\\"uk-width-expand\\\">\\n\n\n<p>Estar inscritos en el\\u00a0<strong>censo de empresarios, profesionales y retenedores de la Agencia Estatal de Administraci\\u00f3n Tributaria\\u00a0<\\\/strong>o en el equivalente de la Administraci\\u00f3n Tributaria Foral, que debe reflejar la actividad econ\\u00f3mica que desarrolla la empresa en el\\u00a0momento de pedir la subvenci\\u00f3n.<\\\/p>\\n<\\\/div>\\n<\\\/div>\\n<\\\/li>\\n<\\\/ul>\"}}]}]}]}],\"name\":\"Requisitos\"}],\"version\":\"4.4.4\"} --><\/p>\n","protected":false},"excerpt":{"rendered":"<p>\u00bfCu\u00e1les son los requisitospara solicitar la ayuda? Si cumples las siguientes condiciones,\u00a1el programa Kit Consulting\u00a0est\u00e1 hecho para ti! Ser una empresa, de 10 a 250 empleados. Tener el domicilio fiscal en territorio espa\u00f1ol y tener la consideraci\u00f3n de peque\u00f1a o mediana empresa. Estar en situaci\u00f3n de alta y tener la antig\u00fcedad m\u00ednima que se establece [&hellip;]<\/p>\n","protected":false},"author":2,"featured_media":0,"parent":0,"menu_order":0,"comment_status":"closed","ping_status":"closed","template":"","meta":{"_acf_changed":false,"footnotes":""},"class_list":["post-1961","page","type-page","status-publish","hentry"],"acf":[],"_links":{"self":[{"href":"https:\/\/www.e-sistemas.net\/acelera-pyme\/wp-json\/wp\/v2\/pages\/1961","targetHints":{"allow":["GET"]}}],"collection":[{"href":"https:\/\/www.e-sistemas.net\/acelera-pyme\/wp-json\/wp\/v2\/pages"}],"about":[{"href":"https:\/\/www.e-sistemas.net\/acelera-pyme\/wp-json\/wp\/v2\/types\/page"}],"author":[{"embeddable":true,"href":"https:\/\/www.e-sistemas.net\/acelera-pyme\/wp-json\/wp\/v2\/users\/2"}],"replies":[{"embeddable":true,"href":"https:\/\/www.e-sistemas.net\/acelera-pyme\/wp-json\/wp\/v2\/comments?post=1961"}],"version-history":[{"count":4,"href":"https:\/\/www.e-sistemas.net\/acelera-pyme\/wp-json\/wp\/v2\/pages\/1961\/revisions"}],"predecessor-version":[{"id":1965,"href":"https:\/\/www.e-sistemas.net\/acelera-pyme\/wp-json\/wp\/v2\/pages\/1961\/revisions\/1965"}],"wp:attachment":[{"href":"https:\/\/www.e-sistemas.net\/acelera-pyme\/wp-json\/wp\/v2\/media?parent=1961"}],"curies":[{"name":"wp","href":"https:\/\/api.w.org\/{rel}","templated":true}]}}