{"id":1998,"date":"2024-06-17T09:36:22","date_gmt":"2024-06-17T07:36:22","guid":{"rendered":"https:\/\/www.e-sistemas.net\/acelera-pyme\/?page_id=1998"},"modified":"2024-06-17T09:41:03","modified_gmt":"2024-06-17T07:41:03","slug":"servicio-de-asesoramiento-en-analisis-de-datos-avanzado","status":"publish","type":"page","link":"https:\/\/www.e-sistemas.net\/acelera-pyme\/servicio-de-asesoramiento-en-analisis-de-datos-avanzado\/","title":{"rendered":"Servicio de Asesoramiento en An\u00e1lisis de Datos (Avanzado)"},"content":{"rendered":"<p><a href=\"https:\/\/www.acelerapyme.gob.es\/soluciones-digitales-kit-consulting\"><img decoding=\"async\" src=\"\/acelera-pyme\/wp-content\/uploads\/2024\/06\/Banner-Kit-Consulting-2.png\" alt=\"\"><\/a><\/p>\n<h2>Servicio de Asesoramiento en An\u00e1lisis de Datos (Avanzado)<\/h2>\n<div>\n<p><span>Si ya cuentas con un sistema de an\u00e1lisis de datos b\u00e1sico, el principal objetivo de este servicio es aportarte un plan de an\u00e1lisis m\u00e1s avanzado a adaptado a las necesidades de tu pyme.\u00a0<\/span><\/p>\n<p><span>En este plan se determinar\u00e1 la inversi\u00f3n y las medidas necesarias para\u00a0<\/span><span>que puedas\u00a0<\/span><span>establecer un sistema avanzado de an\u00e1lisis de datos en\u00a0<\/span><span>tu<\/span><span>\u00a0pyme, priorizando el establecimiento, mejora, automatizaci\u00f3n y aprendizaje de procesos para extracci\u00f3n y an\u00e1lisis de dato<\/span><span>s<\/span><span>.<\/span><\/p>\n<\/div>\n<div>\n<div>\n<h4>Servicio subvencionado hasta 6.000\u20ac por el programa Kit Consulting<\/h4>\n<\/div>\n<\/div>\n<ul>\n<li>\n        <a href=\"https:\/\/www.e-sistemas.net\/acelera-pyme\/solicita-info-kit-consulting\/\">Solicitar Informaci\u00f3n<\/a>\n    <\/li>\n<li>\n        <a href=\"tel:+34958270876\">958270876<\/a>\n    <\/li>\n<\/ul>\n<h3>\n<div class=\"lc-section lc-section-484 layoutcomponents-one-column x-section header-bottom lc-inline_section-edit container-xl\">\n<div class=\"lc-inline_container-section-edit\">\n<div class=\"row lc-container-cols lc-inline_row-edit\">\n<div class=\"lc-inline_column_first-edit layoutcomponent-column col-sm-12 col-md-12 col-lg-12\">\n<div data-region=\"first\" class=\"layout-builder__region js-layout-builder-region lc-inline_column_first-content-edit\">\n<div class=\"block block-layout-builder block-field-blocknodesolution-packagetitle\"><span class=\"field field--name-title field--type-string field--label-hidden\">Servicio de Asesoramiento en An\u00e1lisis de Datos (Avanzado) <\/span><\/div>\n<\/div>\n<\/div>\n<\/div>\n<\/div>\n<\/div>\n<div class=\"i4t-include-i4t-nothome-section\">\n<div class=\"lc-section lc-section-691 layoutcomponents-two-column x-section pb-5 lc-inline_section-edit container-xl i4t-nothome-section i4t-reference-include\">\n<div class=\"lc-inline_container-section-edit\">\n<div class=\"row lc-container-cols lc-inline_row-edit\">\n<div class=\"lc-inline_column_first-edit layoutcomponent-column col-sm-12 col-md-12 col-lg-4 x-sidebar\" role=\"complementary\" aria-label=\"Datos del art\u00edculo.\" data-insuit-uuid=\"3b9c9f21-50cd-4c09-b141-2181d566ab3f\">\n<div data-region=\"first\" class=\"layout-builder__region js-layout-builder-region lc-inline_column_first-content-edit\">\n<div class=\"lc-inline_subcolumn_type_group_1-edit js-layout-builder-column\">\n<div class=\"lc-inline_block_44911477f081d23fb9e9cd29528a04e8-edit block block-layout-builder block-inline-blockbloque-custom-referenciado\">\n<div>\n<div class=\"field field--name-field-contenido field--type-entity-reference-revisions field--label-hidden field__items\">\n<div class=\"field__item\">\n<div class=\"paragraph paragraph--type--bloque-custom-relacionado paragraph--view-mode--default\">\n<div class=\"field field--name-field-bloque-custom-relacionado field--type-entity-reference-revisions field--label-hidden field__item\">\n<div>\n<div class=\"clearfix text-formatted field field--name-body field--type-text-with-summary field--label-hidden field__item\"><\/div>\n<\/div>\n<\/div>\n<\/div>\n<\/div>\n<\/div>\n<\/div>\n<\/div>\n<\/div>\n<\/div>\n<\/div>\n<\/div>\n<\/div>\n<\/div>\n<\/div>\n<\/h3>\n<div>\n<div>\n<p class=\"uk-margin-remove\">6.000 \u20ac <\/p>\n<p class=\"uk-text-meta uk-margin-remove\">(SIN IVA)<\/p>\n<\/div>\n<p>Especificaciones<\/p>\n<div>\n<ul class=\"uk-list uk-list-large\">\n<li>\n<div class=\"uk-grid-small\" uk-grid=\"\">\n<div class=\"uk-width-auto\"><img decoding=\"async\" class=\"uk-text-success\" src=\"\/acelera-pyme\/wp-content\/uploads\/yootheme\/check.svg\" uk-svg=\"\" loading=\"lazy\" \/><\/div>\n<div class=\"uk-width-expand\">\n<div><span>Identificar de los datos de tu pyme, obtener su valoraci\u00f3n y evaluar su uso en conjunci\u00f3n con otras fuentes.<\/span><\/div>\n<\/div>\n<\/div>\n<\/li>\n<li>\n<div class=\"uk-grid-small\" uk-grid=\"\">\n<div class=\"uk-width-auto\"><img decoding=\"async\" class=\"uk-text-success\" src=\"\/acelera-pyme\/wp-content\/uploads\/yootheme\/check.svg\" uk-svg=\"\" loading=\"lazy\" \/><\/div>\n<div class=\"uk-width-expand\"><span>Generar y obtener informaci\u00f3n de valor a partir del tratado de datos con algoritmos de inteligencia artificial para mejorar la toma de decisiones basadas en los datos.<\/span><\/div>\n<\/div>\n<\/li>\n<li>\n<div class=\"uk-grid-small\" uk-grid=\"\">\n<div class=\"uk-width-auto\"><img decoding=\"async\" class=\"uk-text-success\" src=\"\/acelera-pyme\/wp-content\/uploads\/yootheme\/check.svg\" uk-svg=\"\" loading=\"lazy\" \/><\/div>\n<div class=\"uk-width-expand\">Proporcionarte asesoramiento para la comprensi\u00f3n de los datos de tu pyme y el manejo de herramientas de gesti\u00f3n de los datos.<\/div>\n<\/div>\n<\/li>\n<li>\n<div class=\"uk-grid-small\" uk-grid=\"\">\n<div class=\"uk-width-auto\"><img decoding=\"async\" class=\"uk-text-success\" src=\"\/acelera-pyme\/wp-content\/uploads\/yootheme\/check.svg\" uk-svg=\"\" loading=\"lazy\" \/><\/div>\n<div class=\"uk-width-expand\">Opcionalmente, podr\u00e1 asesorarte sobre la evaluaci\u00f3n de la capacidad de los procesos de gobierno, gesti\u00f3n y gesti\u00f3n de calidad del dato siguiendo la especificaci\u00f3n UNE 0080 de \u201cGu\u00eda de evaluaci\u00f3n del Gobierno, Gesti\u00f3n y Gesti\u00f3n de la Calidad del Dato\u201d y la especificaci\u00f3n UNE 0081\u201d Gu\u00eda de evaluaci\u00f3n de la calidad de datos\u201d.<\/div>\n<\/div>\n<\/li>\n<li>\n<div class=\"uk-grid-small\" uk-grid=\"\">\n<div class=\"uk-width-auto\"><img decoding=\"async\" class=\"uk-text-success\" src=\"\/acelera-pyme\/wp-content\/uploads\/yootheme\/check.svg\" uk-svg=\"\" loading=\"lazy\" \/><\/div>\n<div class=\"uk-width-expand\">\n<div>Desarrollar y ejecutar un caso de uso adaptado a tu pyme utilizando t\u00e9cnicas de inteligencia artificial, en an\u00e1lisis de datos (nivel avanzado).<\/div>\n<\/div>\n<\/div>\n<\/li>\n<li>\n<div class=\"uk-grid-small\" uk-grid=\"\">\n<div class=\"uk-width-auto\"><img decoding=\"async\" class=\"uk-text-success\" src=\"\/acelera-pyme\/wp-content\/uploads\/yootheme\/check.svg\" uk-svg=\"\" loading=\"lazy\" \/><\/div>\n<div class=\"uk-width-expand\">\n<div>Identificar oportunidades o posibles usos de la IA en el \u00e1mbito del an\u00e1lisis de datos avanzado.<\/div>\n<\/div>\n<\/div>\n<\/li>\n<\/ul>\n<\/div>\n<\/div>\n<ul>\n<li>\n<div>Importe de la ayuda para Servicio de Asesoramiento en An\u00e1lisis de Datos (Avanzado)<\/div>\n<div>\n<p>A continuaci\u00f3n se refleja, divididos por segmentos, los importes correspondientes a cada una de las secciones propuestas.\u00a0<\/p>\n<\/div>\n<\/li>\n<li>\n<div>\n<div class=\"uk-overflow-auto\">\n<table class=\"uk-table uk-table-divider uk-table-middle uk-table-justify\">\n<thead>\n<tr>\n<th>Segmentos de beneficiarios<\/th>\n<th>Importe de la ayuda<\/th>\n<\/tr>\n<\/thead>\n<tbody>\n<tr>\n<td><strong>Segmento A<br \/><\/strong>10 &lt; 50 empleados<\/td>\n<td class=\"text-center\" style=\"text-align: center;\"><strong>6.000 \u20ac<\/strong><\/td>\n<\/tr>\n<tr>\n<td><strong>Segmento B<br \/><\/strong>50 &lt; 100 empleados<\/td>\n<td class=\"text-center\" style=\"text-align: center;\"><strong>6.000 \u20ac<\/strong><\/td>\n<\/tr>\n<tr>\n<td><strong>Segmento C<br \/><\/strong>100 &lt; 250 empleados<\/td>\n<td class=\"text-center\" style=\"text-align: center;\"><strong>6.000 \u20ac<\/strong><\/td>\n<\/tr>\n<\/tbody>\n<\/table>\n<\/div>\n<\/div>\n<\/li>\n<\/ul>\n<p><!--more--><br \/>\n<!-- {\"type\":\"layout\",\"children\":[{\"type\":\"section\",\"props\":{\"animation\":\"slide-bottom-medium\",\"animation_delay\":\"100\",\"image_position\":\"center-center\",\"padding_remove_bottom\":false,\"style\":\"default\",\"title\":\"Kit Digital\",\"title_breakpoint\":\"xl\",\"title_position\":\"top-left\",\"title_rotation\":\"left\",\"vertical_align\":\"\",\"width\":\"small\"},\"children\":[{\"type\":\"row\",\"children\":[{\"type\":\"column\",\"props\":{\"image_position\":\"center-center\",\"position_sticky_breakpoint\":\"m\"},\"children\":[{\"type\":\"image\",\"props\":{\"image\":\"wp-content\\\/uploads\\\/2024\\\/06\\\/Banner-Kit-Consulting-2.png\",\"image_svg_color\":\"emphasis\",\"image_width\":600,\"link\":\"https:\\\/\\\/www.acelerapyme.gob.es\\\/soluciones-digitales-kit-consulting\",\"link_target\":\"blank\",\"margin\":\"default\",\"text_align\":\"center\"}},{\"type\":\"headline\",\"props\":{\"block_align\":\"center\",\"content\":\"Servicio de Asesoramiento en An\\u00e1lisis de Datos (Avanzado)\",\"maxwidth\":\"2xlarge\",\"text_align\":\"center\",\"title_element\":\"h2\",\"title_style\":\"h1\"}},{\"type\":\"text\",\"props\":{\"block_align\":\"center\",\"column_breakpoint\":\"m\",\"content\":\"\n\n<p><span>Si ya cuentas con un sistema de an\\u00e1lisis de datos b\\u00e1sico, el principal objetivo de este servicio es aportarte un plan de an\\u00e1lisis m\\u00e1s avanzado a adaptado a las necesidades de tu pyme.\\u00a0<\\\/span><\\\/p>\\n\n\n<p><span>En este plan se determinar\\u00e1 la inversi\\u00f3n y las medidas necesarias para\\u00a0<\\\/span><span>que puedas\\u00a0<\\\/span><span>establecer un sistema avanzado de an\\u00e1lisis de datos en\\u00a0<\\\/span><span>tu<\\\/span><span>\\u00a0pyme, priorizando el establecimiento, mejora, automatizaci\\u00f3n y aprendizaje de procesos para extracci\\u00f3n y an\\u00e1lisis de dato<\\\/span><span>s<\\\/span><span>.<\\\/span><\\\/p>\",\"margin\":\"default\",\"maxwidth\":\"2xlarge\",\"text_align\":\"center\",\"text_style\":\"lead\"}},{\"type\":\"alert\",\"props\":{\"alert_size\":true,\"alert_style\":\"success\",\"block_align\":\"center\",\"content\":\"\n\n<h4>Servicio subvencionado hasta 6.000\\u20ac por el programa Kit Consulting<\\\/h4>\",\"content_margin\":\"small\",\"maxwidth\":\"2xlarge\",\"text_align\":\"center\",\"title_element\":\"h3\"}},{\"type\":\"button\",\"props\":{\"grid_column_gap\":\"small\",\"grid_row_gap\":\"small\",\"margin\":\"\",\"text_align\":\"center\"},\"children\":[{\"type\":\"button_item\",\"props\":{\"button_style\":\"primary\",\"content\":\"Solicitar Informaci\\u00f3n\",\"icon_align\":\"left\",\"link\":\"https:\\\/\\\/www.e-sistemas.net\\\/acelera-pyme\\\/solicita-info-kit-consulting\\\/\"}},{\"type\":\"button_item\",\"props\":{\"button_style\":\"secondary\",\"content\":\"958270876\",\"icon_align\":\"left\",\"link\":\"tel:+34958270876\"}}]}]}]}]},{\"type\":\"section\",\"props\":{\"animation\":\"slide-bottom-medium\",\"animation_delay\":\"100\",\"image_position\":\"center-center\",\"style\":\"muted\",\"title\":\"Plan\",\"title_breakpoint\":\"xl\",\"title_position\":\"top-left\",\"title_rotation\":\"left\",\"vertical_align\":\"\",\"width\":\"small\"},\"children\":[{\"type\":\"row\",\"children\":[{\"type\":\"column\",\"props\":{\"image_position\":\"center-center\",\"position_sticky_breakpoint\":\"m\"},\"children\":[{\"type\":\"headline\",\"props\":{\"block_align\":\"center\",\"content\":\"\n\n<div class=\\\"lc-section lc-section-484 layoutcomponents-one-column x-section header-bottom lc-inline_section-edit container-xl\\\">\\n\n\n<div class=\\\"lc-inline_container-section-edit\\\">\\n\n\n<div class=\\\"row lc-container-cols lc-inline_row-edit\\\">\\n\n\n<div class=\\\"lc-inline_column_first-edit layoutcomponent-column col-sm-12 col-md-12 col-lg-12\\\">\\n\n\n<div data-region=\\\"first\\\" class=\\\"layout-builder__region js-layout-builder-region lc-inline_column_first-content-edit\\\">\\n\n\n<div class=\\\"block block-layout-builder block-field-blocknodesolution-packagetitle\\\"><span class=\\\"field field--name-title field--type-string field--label-hidden\\\">Servicio de Asesoramiento en An\\u00e1lisis de Datos (Avanzado) <\\\/span><\\\/div>\\n<\\\/div>\\n<\\\/div>\\n<\\\/div>\\n<\\\/div>\\n<\\\/div>\\n\n\n<div class=\\\"i4t-include-i4t-nothome-section\\\">\\n\n\n<div class=\\\"lc-section lc-section-691 layoutcomponents-two-column x-section pb-5 lc-inline_section-edit container-xl i4t-nothome-section i4t-reference-include\\\">\\n\n\n<div class=\\\"lc-inline_container-section-edit\\\">\\n\n\n<div class=\\\"row lc-container-cols lc-inline_row-edit\\\">\\n\n\n<div class=\\\"lc-inline_column_first-edit layoutcomponent-column col-sm-12 col-md-12 col-lg-4 x-sidebar\\\" role=\\\"complementary\\\" aria-label=\\\"Datos del art\\u00edculo.\\\" data-insuit-uuid=\\\"3b9c9f21-50cd-4c09-b141-2181d566ab3f\\\">\\n\n\n<div data-region=\\\"first\\\" class=\\\"layout-builder__region js-layout-builder-region lc-inline_column_first-content-edit\\\">\\n\n\n<div class=\\\"lc-inline_subcolumn_type_group_1-edit js-layout-builder-column\\\">\\n\n\n<div class=\\\"lc-inline_block_44911477f081d23fb9e9cd29528a04e8-edit block block-layout-builder block-inline-blockbloque-custom-referenciado\\\">\\n\n\n<div>\\n\n\n<div class=\\\"field field--name-field-contenido field--type-entity-reference-revisions field--label-hidden field__items\\\">\\n\n\n<div class=\\\"field__item\\\">\\n\n\n<div class=\\\"paragraph paragraph--type--bloque-custom-relacionado paragraph--view-mode--default\\\">\\n\n\n<div class=\\\"field field--name-field-bloque-custom-relacionado field--type-entity-reference-revisions field--label-hidden field__item\\\">\\n\n\n<div>\\n\n\n<div class=\\\"clearfix text-formatted field field--name-body field--type-text-with-summary field--label-hidden field__item\\\"><\\\/div>\\n<\\\/div>\\n<\\\/div>\\n<\\\/div>\\n<\\\/div>\\n<\\\/div>\\n<\\\/div>\\n<\\\/div>\\n<\\\/div>\\n<\\\/div>\\n<\\\/div>\\n<\\\/div>\\n<\\\/div>\\n<\\\/div>\\n<\\\/div>\",\"maxwidth\":\"2xlarge\",\"text_align\":\"center\",\"title_element\":\"h3\",\"title_style\":\"h2\"}},{\"type\":\"grid\",\"props\":{\"content_align\":true,\"content_column_breakpoint\":\"m\",\"content_margin\":\"medium\",\"filter\":true,\"filter_align\":\"center\",\"filter_all\":false,\"filter_animation\":\"false\",\"filter_grid_breakpoint\":\"m\",\"filter_grid_width\":\"auto\",\"filter_margin\":\"medium\",\"filter_position\":\"top\",\"filter_style\":\"subnav-pill\",\"grid_default\":\"1\",\"grid_medium\":\"1\",\"icon_width\":80,\"image_align\":\"top\",\"image_grid_breakpoint\":\"m\",\"image_grid_width\":\"1-2\",\"image_svg_color\":\"emphasis\",\"item_animation\":true,\"item_maxwidth\":\"large\",\"link_fullwidth\":true,\"link_margin\":\"large\",\"link_size\":\"large\",\"link_style\":\"secondary\",\"link_text\":\"Mas Informaci\\u00f3n\",\"margin\":\"medium\",\"meta_align\":\"above-title\",\"meta_element\":\"div\",\"meta_style\":\"h3\",\"panel_padding\":\"large\",\"panel_style\":\"card-secondary\",\"parallax_easing\":\"1\",\"position\":\"relative\",\"position_z_index\":\"1\",\"show_content\":true,\"show_image\":true,\"show_link\":true,\"show_meta\":true,\"show_title\":true,\"text_align\":\"center\",\"title_align\":\"top\",\"title_element\":\"div\",\"title_grid_breakpoint\":\"m\",\"title_grid_width\":\"1-2\",\"title_hover_style\":\"reset\",\"title_style\":\"h2\"},\"children\":[{\"type\":\"grid_item\",\"props\":{\"content\":\"\n\n<ul class=\\\"uk-list uk-list-large\\\">\\n\n\n<li>\\n\n\n<div class=\\\"uk-grid-small\\\" uk-grid=\\\"\\\">\\n\n\n<div class=\\\"uk-width-auto\\\"><img class=\\\"uk-text-success\\\" src=\\\"wp-content\\\/uploads\\\/yootheme\\\/check.svg\\\" uk-svg=\\\"\\\" loading=\\\"lazy\\\" \\\/><\\\/div>\\n\n\n<div class=\\\"uk-width-expand\\\">\\n\n\n<div><span>Identificar de los datos de tu pyme, obtener su valoraci\\u00f3n y evaluar su uso en conjunci\\u00f3n con otras fuentes.<\\\/span><\\\/div>\\n<\\\/div>\\n<\\\/div>\\n<\\\/li>\\n\n\n<li>\\n\n\n<div class=\\\"uk-grid-small\\\" uk-grid=\\\"\\\">\\n\n\n<div class=\\\"uk-width-auto\\\"><img class=\\\"uk-text-success\\\" src=\\\"wp-content\\\/uploads\\\/yootheme\\\/check.svg\\\" uk-svg=\\\"\\\" loading=\\\"lazy\\\" \\\/><\\\/div>\\n\n\n<div class=\\\"uk-width-expand\\\"><span>Generar y obtener informaci\\u00f3n de valor a partir del tratado de datos con algoritmos de inteligencia artificial para mejorar la toma de decisiones basadas en los datos.<\\\/span><\\\/div>\\n<\\\/div>\\n<\\\/li>\\n\n\n<li>\\n\n\n<div class=\\\"uk-grid-small\\\" uk-grid=\\\"\\\">\\n\n\n<div class=\\\"uk-width-auto\\\"><img class=\\\"uk-text-success\\\" src=\\\"wp-content\\\/uploads\\\/yootheme\\\/check.svg\\\" uk-svg=\\\"\\\" loading=\\\"lazy\\\" \\\/><\\\/div>\\n\n\n<div class=\\\"uk-width-expand\\\">Proporcionarte asesoramiento para la comprensi\\u00f3n de los datos de tu pyme y el manejo de herramientas de gesti\\u00f3n de los datos.<\\\/div>\\n<\\\/div>\\n<\\\/li>\\n\n\n<li>\\n\n\n<div class=\\\"uk-grid-small\\\" uk-grid=\\\"\\\">\\n\n\n<div class=\\\"uk-width-auto\\\"><img class=\\\"uk-text-success\\\" src=\\\"wp-content\\\/uploads\\\/yootheme\\\/check.svg\\\" uk-svg=\\\"\\\" loading=\\\"lazy\\\" \\\/><\\\/div>\\n\n\n<div class=\\\"uk-width-expand\\\">Opcionalmente, podr\\u00e1 asesorarte sobre la evaluaci\\u00f3n de la capacidad de los procesos de gobierno, gesti\\u00f3n y gesti\\u00f3n de calidad del dato siguiendo la especificaci\\u00f3n UNE 0080 de \\u201cGu\\u00eda de evaluaci\\u00f3n del Gobierno, Gesti\\u00f3n y Gesti\\u00f3n de la Calidad del Dato\\u201d y la especificaci\\u00f3n UNE 0081\\u201d Gu\\u00eda de evaluaci\\u00f3n de la calidad de datos\\u201d.<\\\/div>\\n<\\\/div>\\n<\\\/li>\\n\n\n<li>\\n\n\n<div class=\\\"uk-grid-small\\\" uk-grid=\\\"\\\">\\n\n\n<div class=\\\"uk-width-auto\\\"><img class=\\\"uk-text-success\\\" src=\\\"wp-content\\\/uploads\\\/yootheme\\\/check.svg\\\" uk-svg=\\\"\\\" loading=\\\"lazy\\\" \\\/><\\\/div>\\n\n\n<div class=\\\"uk-width-expand\\\">\\n\n\n<div>Desarrollar y ejecutar un caso de uso adaptado a tu pyme utilizando t\\u00e9cnicas de inteligencia artificial, en an\\u00e1lisis de datos (nivel avanzado).<\\\/div>\\n<\\\/div>\\n<\\\/div>\\n<\\\/li>\\n\n\n<li>\\n\n\n<div class=\\\"uk-grid-small\\\" uk-grid=\\\"\\\">\\n\n\n<div class=\\\"uk-width-auto\\\"><img class=\\\"uk-text-success\\\" src=\\\"wp-content\\\/uploads\\\/yootheme\\\/check.svg\\\" uk-svg=\\\"\\\" loading=\\\"lazy\\\" \\\/><\\\/div>\\n\n\n<div class=\\\"uk-width-expand\\\">\\n\n\n<div>Identificar oportunidades o posibles usos de la IA en el \\u00e1mbito del an\\u00e1lisis de datos avanzado.<\\\/div>\\n<\\\/div>\\n<\\\/div>\\n<\\\/li>\\n<\\\/ul>\",\"meta\":\"Especificaciones\",\"title\":\"\n\n<p class=\\\"uk-margin-remove\\\">6.000 \\u20ac <\\\/p>\n\n<p class=\\\"uk-text-meta uk-margin-remove\\\">(SIN IVA)<\\\/p>\"}}]}]}]}]},{\"type\":\"section\",\"props\":{\"animation\":\"slide-bottom-medium\",\"animation_delay\":\"100\",\"image_position\":\"center-center\",\"style\":\"secondary\",\"title\":\"Ayuda\",\"title_breakpoint\":\"xl\",\"title_position\":\"top-left\",\"title_rotation\":\"left\",\"vertical_align\":\"\",\"width\":\"default\"},\"children\":[{\"type\":\"row\",\"children\":[{\"type\":\"column\",\"props\":{\"image_position\":\"center-center\",\"position_sticky_breakpoint\":\"m\"},\"children\":[{\"type\":\"grid\",\"props\":{\"content_align\":true,\"content_column_breakpoint\":\"m\",\"content_margin\":\"medium\",\"filter\":true,\"filter_align\":\"center\",\"filter_all\":false,\"filter_grid_breakpoint\":\"m\",\"filter_grid_width\":\"auto\",\"filter_margin\":\"medium\",\"filter_position\":\"top\",\"filter_style\":\"subnav-pill\",\"grid_column_align\":false,\"grid_default\":\"1\",\"grid_medium\":\"2\",\"icon_width\":80,\"image_align\":\"top\",\"image_grid_breakpoint\":\"m\",\"image_grid_width\":\"1-2\",\"image_svg_color\":\"emphasis\",\"item_animation\":false,\"item_maxwidth\":\"large\",\"link_fullwidth\":true,\"link_style\":\"default\",\"link_text\":\"Read more\",\"margin\":\"medium\",\"meta_align\":\"above-title\",\"meta_element\":\"div\",\"meta_style\":\"h3\",\"panel_padding\":\"large\",\"position\":\"relative\",\"position_z_index\":\"1\",\"show_content\":true,\"show_image\":true,\"show_link\":true,\"show_meta\":true,\"show_title\":true,\"text_align\":\"center\",\"title_align\":\"top\",\"title_element\":\"div\",\"title_grid_breakpoint\":\"m\",\"title_grid_width\":\"1-2\",\"title_hover_style\":\"reset\",\"title_style\":\"h3\"},\"children\":[{\"type\":\"grid_item\",\"props\":{\"content\":\"\n\n<p>A continuaci\\u00f3n se refleja, divididos por segmentos, los importes correspondientes a cada una de las secciones propuestas.\\u00a0<\\\/p>\",\"meta\":\"\",\"title\":\"Importe de la ayuda para Servicio de Asesoramiento en An\\u00e1lisis de Datos (Avanzado)\"}},{\"type\":\"grid_item\",\"props\":{\"content\":\"\n\n<div class=\\\"uk-overflow-auto\\\">\\n\n\n<table class=\\\"uk-table uk-table-divider uk-table-middle uk-table-justify\\\">\\n\n\n<thead>\\n\n\n<tr>\\n\n\n<th>Segmentos de beneficiarios<\\\/th>\\n\n\n<th>Importe de la ayuda<\\\/th>\\n<\\\/tr>\\n<\\\/thead>\\n\n\n<tbody>\\n\n\n<tr>\\n\n\n<td><strong>Segmento A<br \\\/><\\\/strong>10 &lt; 50 empleados<\\\/td>\\n\n\n<td class=\\\"text-center\\\" style=\\\"text-align: center;\\\"><strong>6.000 \\u20ac<\\\/strong><\\\/td>\\n<\\\/tr>\\n\n\n<tr>\\n\n\n<td><strong>Segmento B<br \\\/><\\\/strong>50 &lt; 100 empleados<\\\/td>\\n\n\n<td class=\\\"text-center\\\" style=\\\"text-align: center;\\\"><strong>6.000 \\u20ac<\\\/strong><\\\/td>\\n<\\\/tr>\\n\n\n<tr>\\n\n\n<td><strong>Segmento C<br \\\/><\\\/strong>100 &lt; 250 empleados<\\\/td>\\n\n\n<td class=\\\"text-center\\\" style=\\\"text-align: center;\\\"><strong>6.000 \\u20ac<\\\/strong><\\\/td>\\n<\\\/tr>\\n<\\\/tbody>\\n<\\\/table>\\n<\\\/div>\"}}]}]}]}]}],\"version\":\"4.4.4\"} --><\/p>\n","protected":false},"excerpt":{"rendered":"<p>Servicio de Asesoramiento en An\u00e1lisis de Datos (Avanzado) Si ya cuentas con un sistema de an\u00e1lisis de datos b\u00e1sico, el principal objetivo de este servicio es aportarte un plan de an\u00e1lisis m\u00e1s avanzado a adaptado a las necesidades de tu pyme.\u00a0 En este plan se determinar\u00e1 la inversi\u00f3n y las medidas necesarias para\u00a0que puedas\u00a0establecer un [&hellip;]<\/p>\n","protected":false},"author":2,"featured_media":0,"parent":0,"menu_order":0,"comment_status":"closed","ping_status":"closed","template":"","meta":{"_acf_changed":false,"footnotes":""},"class_list":["post-1998","page","type-page","status-publish","hentry"],"acf":[],"_links":{"self":[{"href":"https:\/\/www.e-sistemas.net\/acelera-pyme\/wp-json\/wp\/v2\/pages\/1998","targetHints":{"allow":["GET"]}}],"collection":[{"href":"https:\/\/www.e-sistemas.net\/acelera-pyme\/wp-json\/wp\/v2\/pages"}],"about":[{"href":"https:\/\/www.e-sistemas.net\/acelera-pyme\/wp-json\/wp\/v2\/types\/page"}],"author":[{"embeddable":true,"href":"https:\/\/www.e-sistemas.net\/acelera-pyme\/wp-json\/wp\/v2\/users\/2"}],"replies":[{"embeddable":true,"href":"https:\/\/www.e-sistemas.net\/acelera-pyme\/wp-json\/wp\/v2\/comments?post=1998"}],"version-history":[{"count":4,"href":"https:\/\/www.e-sistemas.net\/acelera-pyme\/wp-json\/wp\/v2\/pages\/1998\/revisions"}],"predecessor-version":[{"id":2002,"href":"https:\/\/www.e-sistemas.net\/acelera-pyme\/wp-json\/wp\/v2\/pages\/1998\/revisions\/2002"}],"wp:attachment":[{"href":"https:\/\/www.e-sistemas.net\/acelera-pyme\/wp-json\/wp\/v2\/media?parent=1998"}],"curies":[{"name":"wp","href":"https:\/\/api.w.org\/{rel}","templated":true}]}}