{"id":2003,"date":"2024-06-17T09:42:02","date_gmt":"2024-06-17T07:42:02","guid":{"rendered":"https:\/\/www.e-sistemas.net\/acelera-pyme\/?page_id=2003"},"modified":"2024-06-17T09:44:39","modified_gmt":"2024-06-17T07:44:39","slug":"servicio-de-asesoramiento-en-ventas-digitales","status":"publish","type":"page","link":"https:\/\/www.e-sistemas.net\/acelera-pyme\/servicio-de-asesoramiento-en-ventas-digitales\/","title":{"rendered":"Servicio de Asesoramiento en Ventas Digitales"},"content":{"rendered":"<p><a href=\"https:\/\/www.acelerapyme.gob.es\/soluciones-digitales-kit-consulting\"><img decoding=\"async\" src=\"\/acelera-pyme\/wp-content\/uploads\/2024\/06\/Banner-Kit-Consulting-2.png\" alt=\"\"><\/a><\/p>\n<h2>Servicio de Asesoramiento en Ventas Digitales<\/h2>\n<div>\n<p><span>El principal objetivo de este servicio es establecer la inversi\u00f3n necesaria y las t\u00e9cnicas de marketing digital, incluyendo el aprovechamiento de tecnolog\u00edas de inteligencia artificial, para mejorar el rendimiento de tus ventas en l\u00ednea, y realizaci\u00f3n de un caso de uso adaptado al \u00e1rea de ventas digitales de tu pyme.<\/span><\/p>\n<\/div>\n<div>\n<div>\n<h4>Servicio subvencionado hasta 6.000\u20ac por el programa Kit Consulting<\/h4>\n<\/div>\n<\/div>\n<ul>\n<li>\n        <a href=\"https:\/\/www.e-sistemas.net\/acelera-pyme\/solicita-info-kit-consulting\/\">Solicitar Informaci\u00f3n<\/a>\n    <\/li>\n<li>\n        <a href=\"tel:+34958270876\">958270876<\/a>\n    <\/li>\n<\/ul>\n<h3>\n<div class=\"lc-section lc-section-484 layoutcomponents-one-column x-section header-bottom lc-inline_section-edit container-xl\">\n<div class=\"lc-inline_container-section-edit\">\n<div class=\"row lc-container-cols lc-inline_row-edit\">\n<div class=\"lc-inline_column_first-edit layoutcomponent-column col-sm-12 col-md-12 col-lg-12\">\n<div data-region=\"first\" class=\"layout-builder__region js-layout-builder-region lc-inline_column_first-content-edit\">\n<div class=\"block block-layout-builder block-field-blocknodesolution-packagetitle\"><span class=\"field field--name-title field--type-string field--label-hidden\">Servicio de Asesoramiento en Ventas Digitales<\/span><\/div>\n<\/div>\n<\/div>\n<\/div>\n<\/div>\n<\/div>\n<div class=\"i4t-include-i4t-nothome-section\">\n<div class=\"lc-section lc-section-691 layoutcomponents-two-column x-section pb-5 lc-inline_section-edit container-xl i4t-nothome-section i4t-reference-include\">\n<div class=\"lc-inline_container-section-edit\">\n<div class=\"row lc-container-cols lc-inline_row-edit\">\n<div class=\"lc-inline_column_first-edit layoutcomponent-column col-sm-12 col-md-12 col-lg-4 x-sidebar\" role=\"complementary\" aria-label=\"Datos del art\u00edculo.\" data-insuit-uuid=\"3b9c9f21-50cd-4c09-b141-2181d566ab3f\">\n<div data-region=\"first\" class=\"layout-builder__region js-layout-builder-region lc-inline_column_first-content-edit\">\n<div class=\"lc-inline_subcolumn_type_group_1-edit js-layout-builder-column\">\n<div class=\"lc-inline_block_44911477f081d23fb9e9cd29528a04e8-edit block block-layout-builder block-inline-blockbloque-custom-referenciado\">\n<div>\n<div class=\"field field--name-field-contenido field--type-entity-reference-revisions field--label-hidden field__items\">\n<div class=\"field__item\">\n<div class=\"paragraph paragraph--type--bloque-custom-relacionado paragraph--view-mode--default\">\n<div class=\"field field--name-field-bloque-custom-relacionado field--type-entity-reference-revisions field--label-hidden field__item\">\n<div>\n<div class=\"clearfix text-formatted field field--name-body field--type-text-with-summary field--label-hidden field__item\"><\/div>\n<\/div>\n<\/div>\n<\/div>\n<\/div>\n<\/div>\n<\/div>\n<\/div>\n<\/div>\n<\/div>\n<\/div>\n<\/div>\n<\/div>\n<\/div>\n<\/div>\n<\/h3>\n<div>\n<div>\n<p class=\"uk-margin-remove\">6.000 \u20ac <\/p>\n<p class=\"uk-text-meta uk-margin-remove\">(SIN IVA)<\/p>\n<\/div>\n<p>Especificaciones<\/p>\n<div>\n<ul class=\"uk-list uk-list-large\">\n<li>\n<div class=\"uk-grid-small\" uk-grid=\"\">\n<div class=\"uk-width-auto\"><img decoding=\"async\" class=\"uk-text-success\" src=\"\/acelera-pyme\/wp-content\/uploads\/yootheme\/check.svg\" uk-svg=\"\" loading=\"lazy\" \/><\/div>\n<div class=\"uk-width-expand\">\n<div>Analizar la situaci\u00f3n actual de tu pyme en ventas digitales, posicionamiento en RRSS y presencia en internet.<\/div>\n<\/div>\n<\/div>\n<\/li>\n<li>\n<div class=\"uk-grid-small\" uk-grid=\"\">\n<div class=\"uk-width-auto\"><img decoding=\"async\" class=\"uk-text-success\" src=\"\/acelera-pyme\/wp-content\/uploads\/yootheme\/check.svg\" uk-svg=\"\" loading=\"lazy\" \/><\/div>\n<div class=\"uk-width-expand\">Definir una estrategia de ventas online y presencia digital (RRSS, posicionamiento en motores de b\u00fasqueda, Google Analytics, etc.) a medio y largo plazo, utilizando modelos predictivos basados en IA.<\/div>\n<\/div>\n<\/li>\n<li>\n<div class=\"uk-grid-small\" uk-grid=\"\">\n<div class=\"uk-width-auto\"><img decoding=\"async\" class=\"uk-text-success\" src=\"\/acelera-pyme\/wp-content\/uploads\/yootheme\/check.svg\" uk-svg=\"\" loading=\"lazy\" \/><\/div>\n<div class=\"uk-width-expand\">Desarrollar y ejecutar un caso de uso adaptado a tu pyme utilizando las t\u00e9cnicas apropiadas de inteligencia artificial, en el \u00e1rea de ventas digitales.<\/div>\n<\/div>\n<\/li>\n<li>\n<div class=\"uk-grid-small\" uk-grid=\"\">\n<div class=\"uk-width-auto\"><img decoding=\"async\" class=\"uk-text-success\" src=\"\/acelera-pyme\/wp-content\/uploads\/yootheme\/check.svg\" uk-svg=\"\" loading=\"lazy\" \/><\/div>\n<div class=\"uk-width-expand\">Identificaci\u00f3n de oportunidades o posibles usos de la IA en el \u00e1mbito de las ventas digitales.<\/div>\n<\/div>\n<\/li>\n<\/ul>\n<\/div>\n<\/div>\n<ul>\n<li>\n<div>Importe de la ayuda para Servicio de Asesoramiento en Ventas Digitales<\/div>\n<div>\n<p>A continuaci\u00f3n se refleja, divididos por segmentos, los importes correspondientes a cada una de las secciones propuestas.\u00a0<\/p>\n<\/div>\n<\/li>\n<li>\n<div>\n<div class=\"uk-overflow-auto\">\n<table class=\"uk-table uk-table-divider uk-table-middle uk-table-justify\">\n<thead>\n<tr>\n<th>Segmentos de beneficiarios<\/th>\n<th>Importe de la ayuda<\/th>\n<\/tr>\n<\/thead>\n<tbody>\n<tr>\n<td><strong>Segmento A<br \/><\/strong>10 &lt; 50 empleados<\/td>\n<td class=\"text-center\" style=\"text-align: center;\"><strong>6.000 \u20ac<\/strong><\/td>\n<\/tr>\n<tr>\n<td><strong>Segmento B<br \/><\/strong>50 &lt; 100 empleados<\/td>\n<td class=\"text-center\" style=\"text-align: center;\"><strong>6.000 \u20ac<\/strong><\/td>\n<\/tr>\n<tr>\n<td><strong>Segmento C<br \/><\/strong>100 &lt; 250 empleados<\/td>\n<td class=\"text-center\" style=\"text-align: center;\"><strong>6.000 \u20ac<\/strong><\/td>\n<\/tr>\n<\/tbody>\n<\/table>\n<\/div>\n<\/div>\n<\/li>\n<\/ul>\n<p><!--more--><br \/>\n<!-- {\"type\":\"layout\",\"children\":[{\"type\":\"section\",\"props\":{\"animation\":\"slide-bottom-medium\",\"animation_delay\":\"100\",\"image_position\":\"center-center\",\"padding_remove_bottom\":false,\"style\":\"default\",\"title\":\"Kit Digital\",\"title_breakpoint\":\"xl\",\"title_position\":\"top-left\",\"title_rotation\":\"left\",\"vertical_align\":\"\",\"width\":\"small\"},\"children\":[{\"type\":\"row\",\"children\":[{\"type\":\"column\",\"props\":{\"image_position\":\"center-center\",\"position_sticky_breakpoint\":\"m\"},\"children\":[{\"type\":\"image\",\"props\":{\"image\":\"wp-content\\\/uploads\\\/2024\\\/06\\\/Banner-Kit-Consulting-2.png\",\"image_svg_color\":\"emphasis\",\"image_width\":600,\"link\":\"https:\\\/\\\/www.acelerapyme.gob.es\\\/soluciones-digitales-kit-consulting\",\"link_target\":\"blank\",\"margin\":\"default\",\"text_align\":\"center\"}},{\"type\":\"headline\",\"props\":{\"block_align\":\"center\",\"content\":\"Servicio de Asesoramiento en Ventas Digitales\",\"maxwidth\":\"2xlarge\",\"text_align\":\"center\",\"title_element\":\"h2\",\"title_style\":\"h1\"}},{\"type\":\"text\",\"props\":{\"block_align\":\"center\",\"column_breakpoint\":\"m\",\"content\":\"\n\n<p><span>El principal objetivo de este servicio es establecer la inversi\\u00f3n necesaria y las t\\u00e9cnicas de marketing digital, incluyendo el aprovechamiento de tecnolog\\u00edas de inteligencia artificial, para mejorar el rendimiento de tus ventas en l\\u00ednea, y realizaci\\u00f3n de un caso de uso adaptado al \\u00e1rea de ventas digitales de tu pyme.<\\\/span><\\\/p>\",\"margin\":\"default\",\"maxwidth\":\"2xlarge\",\"text_align\":\"center\",\"text_style\":\"lead\"}},{\"type\":\"alert\",\"props\":{\"alert_size\":true,\"alert_style\":\"success\",\"block_align\":\"center\",\"content\":\"\n\n<h4>Servicio subvencionado hasta 6.000\\u20ac por el programa Kit Consulting<\\\/h4>\",\"content_margin\":\"small\",\"maxwidth\":\"2xlarge\",\"text_align\":\"center\",\"title_element\":\"h3\"}},{\"type\":\"button\",\"props\":{\"grid_column_gap\":\"small\",\"grid_row_gap\":\"small\",\"margin\":\"\",\"text_align\":\"center\"},\"children\":[{\"type\":\"button_item\",\"props\":{\"button_style\":\"primary\",\"content\":\"Solicitar Informaci\\u00f3n\",\"icon_align\":\"left\",\"link\":\"https:\\\/\\\/www.e-sistemas.net\\\/acelera-pyme\\\/solicita-info-kit-consulting\\\/\"}},{\"type\":\"button_item\",\"props\":{\"button_style\":\"secondary\",\"content\":\"958270876\",\"icon_align\":\"left\",\"link\":\"tel:+34958270876\"}}]}]}]}]},{\"type\":\"section\",\"props\":{\"animation\":\"slide-bottom-medium\",\"animation_delay\":\"100\",\"image_position\":\"center-center\",\"style\":\"muted\",\"title\":\"Plan\",\"title_breakpoint\":\"xl\",\"title_position\":\"top-left\",\"title_rotation\":\"left\",\"vertical_align\":\"\",\"width\":\"small\"},\"children\":[{\"type\":\"row\",\"children\":[{\"type\":\"column\",\"props\":{\"image_position\":\"center-center\",\"position_sticky_breakpoint\":\"m\"},\"children\":[{\"type\":\"headline\",\"props\":{\"block_align\":\"center\",\"content\":\"\n\n<div class=\\\"lc-section lc-section-484 layoutcomponents-one-column x-section header-bottom lc-inline_section-edit container-xl\\\">\\n\n\n<div class=\\\"lc-inline_container-section-edit\\\">\\n\n\n<div class=\\\"row lc-container-cols lc-inline_row-edit\\\">\\n\n\n<div class=\\\"lc-inline_column_first-edit layoutcomponent-column col-sm-12 col-md-12 col-lg-12\\\">\\n\n\n<div data-region=\\\"first\\\" class=\\\"layout-builder__region js-layout-builder-region lc-inline_column_first-content-edit\\\">\\n\n\n<div class=\\\"block block-layout-builder block-field-blocknodesolution-packagetitle\\\"><span class=\\\"field field--name-title field--type-string field--label-hidden\\\">Servicio de Asesoramiento en Ventas Digitales<\\\/span><\\\/div>\\n<\\\/div>\\n<\\\/div>\\n<\\\/div>\\n<\\\/div>\\n<\\\/div>\\n\n\n<div class=\\\"i4t-include-i4t-nothome-section\\\">\\n\n\n<div class=\\\"lc-section lc-section-691 layoutcomponents-two-column x-section pb-5 lc-inline_section-edit container-xl i4t-nothome-section i4t-reference-include\\\">\\n\n\n<div class=\\\"lc-inline_container-section-edit\\\">\\n\n\n<div class=\\\"row lc-container-cols lc-inline_row-edit\\\">\\n\n\n<div class=\\\"lc-inline_column_first-edit layoutcomponent-column col-sm-12 col-md-12 col-lg-4 x-sidebar\\\" role=\\\"complementary\\\" aria-label=\\\"Datos del art\\u00edculo.\\\" data-insuit-uuid=\\\"3b9c9f21-50cd-4c09-b141-2181d566ab3f\\\">\\n\n\n<div data-region=\\\"first\\\" class=\\\"layout-builder__region js-layout-builder-region lc-inline_column_first-content-edit\\\">\\n\n\n<div class=\\\"lc-inline_subcolumn_type_group_1-edit js-layout-builder-column\\\">\\n\n\n<div class=\\\"lc-inline_block_44911477f081d23fb9e9cd29528a04e8-edit block block-layout-builder block-inline-blockbloque-custom-referenciado\\\">\\n\n\n<div>\\n\n\n<div class=\\\"field field--name-field-contenido field--type-entity-reference-revisions field--label-hidden field__items\\\">\\n\n\n<div class=\\\"field__item\\\">\\n\n\n<div class=\\\"paragraph paragraph--type--bloque-custom-relacionado paragraph--view-mode--default\\\">\\n\n\n<div class=\\\"field field--name-field-bloque-custom-relacionado field--type-entity-reference-revisions field--label-hidden field__item\\\">\\n\n\n<div>\\n\n\n<div class=\\\"clearfix text-formatted field field--name-body field--type-text-with-summary field--label-hidden field__item\\\"><\\\/div>\\n<\\\/div>\\n<\\\/div>\\n<\\\/div>\\n<\\\/div>\\n<\\\/div>\\n<\\\/div>\\n<\\\/div>\\n<\\\/div>\\n<\\\/div>\\n<\\\/div>\\n<\\\/div>\\n<\\\/div>\\n<\\\/div>\\n<\\\/div>\",\"maxwidth\":\"2xlarge\",\"text_align\":\"center\",\"title_element\":\"h3\",\"title_style\":\"h2\"}},{\"type\":\"grid\",\"props\":{\"content_align\":true,\"content_column_breakpoint\":\"m\",\"content_margin\":\"medium\",\"filter\":true,\"filter_align\":\"center\",\"filter_all\":false,\"filter_animation\":\"false\",\"filter_grid_breakpoint\":\"m\",\"filter_grid_width\":\"auto\",\"filter_margin\":\"medium\",\"filter_position\":\"top\",\"filter_style\":\"subnav-pill\",\"grid_default\":\"1\",\"grid_medium\":\"1\",\"icon_width\":80,\"image_align\":\"top\",\"image_grid_breakpoint\":\"m\",\"image_grid_width\":\"1-2\",\"image_svg_color\":\"emphasis\",\"item_animation\":true,\"item_maxwidth\":\"large\",\"link_fullwidth\":true,\"link_margin\":\"large\",\"link_size\":\"large\",\"link_style\":\"secondary\",\"link_text\":\"Mas Informaci\\u00f3n\",\"margin\":\"medium\",\"meta_align\":\"above-title\",\"meta_element\":\"div\",\"meta_style\":\"h3\",\"panel_padding\":\"large\",\"panel_style\":\"card-secondary\",\"parallax_easing\":\"1\",\"position\":\"relative\",\"position_z_index\":\"1\",\"show_content\":true,\"show_image\":true,\"show_link\":true,\"show_meta\":true,\"show_title\":true,\"text_align\":\"center\",\"title_align\":\"top\",\"title_element\":\"div\",\"title_grid_breakpoint\":\"m\",\"title_grid_width\":\"1-2\",\"title_hover_style\":\"reset\",\"title_style\":\"h2\"},\"children\":[{\"type\":\"grid_item\",\"props\":{\"content\":\"\n\n<ul class=\\\"uk-list uk-list-large\\\">\\n\n\n<li>\\n\n\n<div class=\\\"uk-grid-small\\\" uk-grid=\\\"\\\">\\n\n\n<div class=\\\"uk-width-auto\\\"><img class=\\\"uk-text-success\\\" src=\\\"wp-content\\\/uploads\\\/yootheme\\\/check.svg\\\" uk-svg=\\\"\\\" loading=\\\"lazy\\\" \\\/><\\\/div>\\n\n\n<div class=\\\"uk-width-expand\\\">\\n\n\n<div>Analizar la situaci\\u00f3n actual de tu pyme en ventas digitales, posicionamiento en RRSS y presencia en internet.<\\\/div>\\n<\\\/div>\\n<\\\/div>\\n<\\\/li>\\n\n\n<li>\\n\n\n<div class=\\\"uk-grid-small\\\" uk-grid=\\\"\\\">\\n\n\n<div class=\\\"uk-width-auto\\\"><img class=\\\"uk-text-success\\\" src=\\\"wp-content\\\/uploads\\\/yootheme\\\/check.svg\\\" uk-svg=\\\"\\\" loading=\\\"lazy\\\" \\\/><\\\/div>\\n\n\n<div class=\\\"uk-width-expand\\\">Definir una estrategia de ventas online y presencia digital (RRSS, posicionamiento en motores de b\\u00fasqueda, Google Analytics, etc.) a medio y largo plazo, utilizando modelos predictivos basados en IA.<\\\/div>\\n<\\\/div>\\n<\\\/li>\\n\n\n<li>\\n\n\n<div class=\\\"uk-grid-small\\\" uk-grid=\\\"\\\">\\n\n\n<div class=\\\"uk-width-auto\\\"><img class=\\\"uk-text-success\\\" src=\\\"wp-content\\\/uploads\\\/yootheme\\\/check.svg\\\" uk-svg=\\\"\\\" loading=\\\"lazy\\\" \\\/><\\\/div>\\n\n\n<div class=\\\"uk-width-expand\\\">Desarrollar y ejecutar un caso de uso adaptado a tu pyme utilizando las t\\u00e9cnicas apropiadas de inteligencia artificial, en el \\u00e1rea de ventas digitales.<\\\/div>\\n<\\\/div>\\n<\\\/li>\\n\n\n<li>\\n\n\n<div class=\\\"uk-grid-small\\\" uk-grid=\\\"\\\">\\n\n\n<div class=\\\"uk-width-auto\\\"><img class=\\\"uk-text-success\\\" src=\\\"wp-content\\\/uploads\\\/yootheme\\\/check.svg\\\" uk-svg=\\\"\\\" loading=\\\"lazy\\\" \\\/><\\\/div>\\n\n\n<div class=\\\"uk-width-expand\\\">Identificaci\\u00f3n de oportunidades o posibles usos de la IA en el \\u00e1mbito de las ventas digitales.<\\\/div>\\n<\\\/div>\\n<\\\/li>\\n<\\\/ul>\",\"meta\":\"Especificaciones\",\"title\":\"\n\n<p class=\\\"uk-margin-remove\\\">6.000 \\u20ac <\\\/p>\n\n<p class=\\\"uk-text-meta uk-margin-remove\\\">(SIN IVA)<\\\/p>\"}}]}]}]}]},{\"type\":\"section\",\"props\":{\"animation\":\"slide-bottom-medium\",\"animation_delay\":\"100\",\"image_position\":\"center-center\",\"style\":\"secondary\",\"title\":\"Ayuda\",\"title_breakpoint\":\"xl\",\"title_position\":\"top-left\",\"title_rotation\":\"left\",\"vertical_align\":\"\",\"width\":\"default\"},\"children\":[{\"type\":\"row\",\"children\":[{\"type\":\"column\",\"props\":{\"image_position\":\"center-center\",\"position_sticky_breakpoint\":\"m\"},\"children\":[{\"type\":\"grid\",\"props\":{\"content_align\":true,\"content_column_breakpoint\":\"m\",\"content_margin\":\"medium\",\"filter\":true,\"filter_align\":\"center\",\"filter_all\":false,\"filter_grid_breakpoint\":\"m\",\"filter_grid_width\":\"auto\",\"filter_margin\":\"medium\",\"filter_position\":\"top\",\"filter_style\":\"subnav-pill\",\"grid_column_align\":false,\"grid_default\":\"1\",\"grid_medium\":\"2\",\"icon_width\":80,\"image_align\":\"top\",\"image_grid_breakpoint\":\"m\",\"image_grid_width\":\"1-2\",\"image_svg_color\":\"emphasis\",\"item_animation\":false,\"item_maxwidth\":\"large\",\"link_fullwidth\":true,\"link_style\":\"default\",\"link_text\":\"Read more\",\"margin\":\"medium\",\"meta_align\":\"above-title\",\"meta_element\":\"div\",\"meta_style\":\"h3\",\"panel_padding\":\"large\",\"position\":\"relative\",\"position_z_index\":\"1\",\"show_content\":true,\"show_image\":true,\"show_link\":true,\"show_meta\":true,\"show_title\":true,\"text_align\":\"center\",\"title_align\":\"top\",\"title_element\":\"div\",\"title_grid_breakpoint\":\"m\",\"title_grid_width\":\"1-2\",\"title_hover_style\":\"reset\",\"title_style\":\"h3\"},\"children\":[{\"type\":\"grid_item\",\"props\":{\"content\":\"\n\n<p>A continuaci\\u00f3n se refleja, divididos por segmentos, los importes correspondientes a cada una de las secciones propuestas.\\u00a0<\\\/p>\",\"meta\":\"\",\"title\":\"Importe de la ayuda para Servicio de Asesoramiento en Ventas Digitales\"}},{\"type\":\"grid_item\",\"props\":{\"content\":\"\n\n<div class=\\\"uk-overflow-auto\\\">\\n\n\n<table class=\\\"uk-table uk-table-divider uk-table-middle uk-table-justify\\\">\\n\n\n<thead>\\n\n\n<tr>\\n\n\n<th>Segmentos de beneficiarios<\\\/th>\\n\n\n<th>Importe de la ayuda<\\\/th>\\n<\\\/tr>\\n<\\\/thead>\\n\n\n<tbody>\\n\n\n<tr>\\n\n\n<td><strong>Segmento A<br \\\/><\\\/strong>10 &lt; 50 empleados<\\\/td>\\n\n\n<td class=\\\"text-center\\\" style=\\\"text-align: center;\\\"><strong>6.000 \\u20ac<\\\/strong><\\\/td>\\n<\\\/tr>\\n\n\n<tr>\\n\n\n<td><strong>Segmento B<br \\\/><\\\/strong>50 &lt; 100 empleados<\\\/td>\\n\n\n<td class=\\\"text-center\\\" style=\\\"text-align: center;\\\"><strong>6.000 \\u20ac<\\\/strong><\\\/td>\\n<\\\/tr>\\n\n\n<tr>\\n\n\n<td><strong>Segmento C<br \\\/><\\\/strong>100 &lt; 250 empleados<\\\/td>\\n\n\n<td class=\\\"text-center\\\" style=\\\"text-align: center;\\\"><strong>6.000 \\u20ac<\\\/strong><\\\/td>\\n<\\\/tr>\\n<\\\/tbody>\\n<\\\/table>\\n<\\\/div>\"}}]}]}]}]}],\"version\":\"4.4.4\"} --><\/p>\n","protected":false},"excerpt":{"rendered":"<p>Servicio de Asesoramiento en Ventas Digitales El principal objetivo de este servicio es establecer la inversi\u00f3n necesaria y las t\u00e9cnicas de marketing digital, incluyendo el aprovechamiento de tecnolog\u00edas de inteligencia artificial, para mejorar el rendimiento de tus ventas en l\u00ednea, y realizaci\u00f3n de un caso de uso adaptado al \u00e1rea de ventas digitales de tu [&hellip;]<\/p>\n","protected":false},"author":2,"featured_media":0,"parent":0,"menu_order":0,"comment_status":"closed","ping_status":"closed","template":"","meta":{"_acf_changed":false,"footnotes":""},"class_list":["post-2003","page","type-page","status-publish","hentry"],"acf":[],"_links":{"self":[{"href":"https:\/\/www.e-sistemas.net\/acelera-pyme\/wp-json\/wp\/v2\/pages\/2003","targetHints":{"allow":["GET"]}}],"collection":[{"href":"https:\/\/www.e-sistemas.net\/acelera-pyme\/wp-json\/wp\/v2\/pages"}],"about":[{"href":"https:\/\/www.e-sistemas.net\/acelera-pyme\/wp-json\/wp\/v2\/types\/page"}],"author":[{"embeddable":true,"href":"https:\/\/www.e-sistemas.net\/acelera-pyme\/wp-json\/wp\/v2\/users\/2"}],"replies":[{"embeddable":true,"href":"https:\/\/www.e-sistemas.net\/acelera-pyme\/wp-json\/wp\/v2\/comments?post=2003"}],"version-history":[{"count":2,"href":"https:\/\/www.e-sistemas.net\/acelera-pyme\/wp-json\/wp\/v2\/pages\/2003\/revisions"}],"predecessor-version":[{"id":2005,"href":"https:\/\/www.e-sistemas.net\/acelera-pyme\/wp-json\/wp\/v2\/pages\/2003\/revisions\/2005"}],"wp:attachment":[{"href":"https:\/\/www.e-sistemas.net\/acelera-pyme\/wp-json\/wp\/v2\/media?parent=2003"}],"curies":[{"name":"wp","href":"https:\/\/api.w.org\/{rel}","templated":true}]}}